{"id":3422,"date":"2020-09-23T19:12:47","date_gmt":"2020-09-23T19:12:47","guid":{"rendered":"https:\/\/preuniversitarionewton.com\/new\/?page_id=3422"},"modified":"2021-09-01T12:14:40","modified_gmt":"2021-09-01T17:14:40","slug":"curso-de-ingles","status":"publish","type":"page","link":"https:\/\/preuniversitarionewton.com\/new\/curso-de-ingles\/","title":{"rendered":"Curso de Ingl\u00e9s"},"content":{"rendered":"<p><div class=\"fusion-fullwidth fullwidth-box fusion-builder-row-1 fusion-parallax-none nonhundred-percent-fullwidth non-hundred-percent-height-scrolling fusion-equal-height-columns lazyload\" style=\"background-color: #060607;background-image:linear-gradient(90deg, rgba(6,6,7,0.85) 29%,rgba(6,6,7,0.21) 100%);background-position: center top;background-repeat: no-repeat;padding-top:250px;padding-right:0px;padding-bottom:47px;padding-left:0px;margin-bottom: 0px;margin-top: 0px;border-width: 0px 0px 0px 0px;border-color:#eae9e9;border-style:solid;-webkit-background-size:cover;-moz-background-size:cover;-o-background-size:cover;background-size:cover;\" data-bg=\"https:\/\/preuniversitarionewton.com\/new\/wp-content\/uploads\/2020\/09\/curso-de-ingles.jpg\" data-bg-gradient=\"linear-gradient(90deg, rgba(6,6,7,0.85) 29%,rgba(6,6,7,0.21) 100%)\" ><div class=\"fusion-builder-row fusion-row\"><div class=\"fusion-layout-column fusion_builder_column fusion-builder-column-0 fusion_builder_column_3_4 3_4 fusion-three-fourth fusion-column-first fusion-animated\" style=\"width:75%;width:calc(75% - ( ( 4% ) * 0.75 ) );margin-right: 4%;margin-top:0px;margin-bottom:0px;\" data-animationType=\"fadeInDown\" data-animationDuration=\"0.8\" data-animationOffset=\"top-into-view\"><div class=\"fusion-column-wrapper fusion-flex-column-wrapper-legacy\" style=\"background-position:left top;background-repeat:no-repeat;-webkit-background-size:cover;-moz-background-size:cover;-o-background-size:cover;background-size:cover;padding: 0px 0px 0px 0px;\"><div class=\"fusion-sep-clear\"><\/div><div class=\"fusion-separator fusion-no-large-visibility fusion-full-width-sep\" style=\"margin-left: auto;margin-right: auto;margin-bottom:30px;width:100%;\"><\/div><div class=\"fusion-sep-clear\"><\/div><style type=\"text\/css\">@media only screen and (max-width:1150px) {.fusion-title.fusion-title-1{margin-top:!important;margin-bottom:2%!important;}}<\/style><div class=\"fusion-title title fusion-title-1 fusion-sep-none fusion-title-text fusion-title-size-one\" style=\"font-size:34px;margin-top:0px;margin-right:0px;margin-bottom:2%;margin-left:0px;\"><h1 class=\"title-heading-left fusion-responsive-typography-calculated\" style=\"margin:0;font-size:1em;color:#f6c800;--fontSize:34;line-height:1.2;\">Curso de<\/h1><\/div><style type=\"text\/css\">@media only screen and (max-width:1150px) {.fusion-title.fusion-title-2{margin-top:!important;margin-bottom:10px!important;}}<\/style><div class=\"fusion-title title fusion-title-2 fusion-sep-none fusion-title-text fusion-title-size-two\" style=\"font-size:75px;margin-top:0px;margin-right:0px;margin-bottom:2%;margin-left:0px;\"><h2 class=\"title-heading-left fusion-responsive-typography-calculated\" style=\"margin:0;font-size:1em;color:#ffffff;--fontSize:75;line-height:1;\">Ingl\u00e9s<\/h2><\/div><div class=\"fusion-sep-clear\"><\/div><div class=\"fusion-separator fusion-full-width-sep\" style=\"margin-left: auto;margin-right: auto;width:100%;\"><\/div><div class=\"fusion-sep-clear\"><\/div><div class=\"fusion-sep-clear\"><\/div><div class=\"fusion-separator fusion-full-width-sep\" style=\"margin-left: auto;margin-right: auto;margin-top:20px;margin-bottom:0px;width:100%;\"><\/div><div class=\"fusion-sep-clear\"><\/div><div class=\"fusion-sep-clear\"><\/div><div class=\"fusion-separator fusion-no-large-visibility fusion-full-width-sep\" style=\"margin-left: auto;margin-right: auto;margin-bottom:4%;width:100%;\"><\/div><div class=\"fusion-sep-clear\"><\/div><div class=\"fusion-sep-clear\"><\/div><div class=\"fusion-separator fusion-no-large-visibility fusion-full-width-sep\" style=\"margin-left: auto;margin-right: auto;margin-bottom:8%;width:100%;\"><\/div><div class=\"fusion-sep-clear\"><\/div><div class=\"fusion-clearfix\"><\/div><\/div><\/div><\/div><\/div><div class=\"fusion-fullwidth fullwidth-box fusion-builder-row-2 nonhundred-percent-fullwidth non-hundred-percent-height-scrolling\" style=\"background-color: rgba(255,255,255,0);background-position: center center;background-repeat: no-repeat;padding-top:0%;padding-right:0px;padding-bottom:0%;padding-left:0px;margin-bottom: 30px;margin-top: 95px;border-width: 0px 0px 0px 0px;border-color:#eae9e9;border-style:solid;\" ><div class=\"fusion-builder-row fusion-row\"><div class=\"fusion-layout-column fusion_builder_column fusion-builder-column-1 fusion_builder_column_1_2 1_2 fusion-one-half fusion-column-first\" style=\"width:50%;width:calc(50% - ( ( 2% ) * 0.5 ) );margin-right: 2%;margin-top:0px;margin-bottom:0px;\"><div class=\"fusion-column-wrapper fusion-flex-column-wrapper-legacy\" style=\"background-position:left top;background-repeat:no-repeat;-webkit-background-size:cover;-moz-background-size:cover;-o-background-size:cover;background-size:cover;padding: 0px 24px 0px 0px;\"><style type=\"text\/css\"><\/style><div class=\"fusion-title title fusion-title-3 fusion-sep-none fusion-title-text fusion-title-size-six\" style=\"font-size:32px;margin-top:0px;margin-right:0px;margin-bottom:12px;margin-left:0px;\"><h6 class=\"title-heading-left fusion-responsive-typography-calculated\" style=\"margin:0;font-size:1em;--fontSize:32;line-height:1.3;\">Aprende ingl\u00e9s con nuestros m\u00e9todos, \u00a1son muy efectivos!<\/h6><\/div><div class=\"fusion-text fusion-text-1\"><p>Inscribirte en un curso de ingl\u00e9s es el paso m\u00e1s seguro para desenvolverte en el futuro, recuerda que es un idioma hablado alrededor del mundo y que para muchos trabajos es esencial.<\/p>\n<blockquote>\n<p>\u00a1Logra lo que te propongas empezando por hablar otro idioma de forma fluida!<\/p>\n<\/blockquote>\n<\/div><div class=\"fusion-clearfix\"><\/div><\/div><\/div><div class=\"fusion-layout-column fusion_builder_column fusion-builder-column-2 fusion_builder_column_1_2 1_2 fusion-one-half fusion-column-last\" style=\"width:50%;width:calc(50% - ( ( 2% ) * 0.5 ) );margin-top:0px;margin-bottom:20px;\"><div class=\"fusion-column-wrapper fusion-flex-column-wrapper-legacy\" style=\"background-position:left top;background-repeat:no-repeat;-webkit-background-size:cover;-moz-background-size:cover;-o-background-size:cover;background-size:cover;border-width: 0 0 0 0px;border-color:#d3d3d3;border-style:solid;padding: 0px 0px 0px 0px;\"><span class=\" fusion-imageframe imageframe-none imageframe-1 hover-type-zoomin\" style=\"border-radius:9px;\"><img decoding=\"async\" width=\"1810\" height=\"1200\" title=\"traducciones\" src=\"https:\/\/preuniversitarionewton.com\/new\/wp-content\/uploads\/2020\/04\/traducciones.jpg\" data-orig-src=\"https:\/\/preuniversitarionewton.com\/new\/wp-content\/uploads\/2020\/04\/traducciones.jpg\" class=\"lazyload img-responsive wp-image-3190\" srcset=\"data:image\/svg+xml,%3Csvg%20xmlns%3D%27http%3A%2F%2Fwww.w3.org%2F2000%2Fsvg%27%20width%3D%271810%27%20height%3D%271200%27%20viewBox%3D%270%200%201810%201200%27%3E%3Crect%20width%3D%271810%27%20height%3D%271200%27%20fill-opacity%3D%220%22%2F%3E%3C%2Fsvg%3E\" data-srcset=\"https:\/\/preuniversitarionewton.com\/new\/wp-content\/uploads\/2020\/04\/traducciones-200x133.jpg 200w, https:\/\/preuniversitarionewton.com\/new\/wp-content\/uploads\/2020\/04\/traducciones-400x265.jpg 400w, https:\/\/preuniversitarionewton.com\/new\/wp-content\/uploads\/2020\/04\/traducciones-600x398.jpg 600w, https:\/\/preuniversitarionewton.com\/new\/wp-content\/uploads\/2020\/04\/traducciones-800x530.jpg 800w, https:\/\/preuniversitarionewton.com\/new\/wp-content\/uploads\/2020\/04\/traducciones-1200x796.jpg 1200w, https:\/\/preuniversitarionewton.com\/new\/wp-content\/uploads\/2020\/04\/traducciones.jpg 1810w\" data-sizes=\"auto\" data-orig-sizes=\"(max-width: 1150px) 100vw, 600px\" \/><\/span><div class=\"fusion-sep-clear\"><\/div><div class=\"fusion-separator fusion-full-width-sep\" style=\"margin-left: auto;margin-right: auto;margin-top:47px;width:100%;\"><\/div><div class=\"fusion-sep-clear\"><\/div><div class=\"fusion-alignleft\"><style type=\"text\/css\">.fusion-button.button-1 {border-radius:40px;}<\/style><a class=\"fusion-button button-flat button-xlarge button-default button-1 fusion-button-default-span fusion-button-default-type\" target=\"_blank\" rel=\"noopener noreferrer\" href=\"https:\/\/bit.ly\/Informaci\u00f3nPreuniversitarioNewton2021\"><i class=\"fa-whatsapp fab button-icon-left\" aria-hidden=\"true\"><\/i><span class=\"fusion-button-text\">M\u00e1s informaci\u00f3n <\/span><\/a><\/div><div class=\"fusion-sep-clear\"><\/div><div class=\"fusion-separator fusion-full-width-sep\" style=\"margin-left: auto;margin-right: auto;margin-top:21px;width:100%;\"><\/div><div class=\"fusion-sep-clear\"><\/div><div class=\"fusion-clearfix\"><\/div><\/div><\/div><\/div><\/div><div class=\"fusion-fullwidth fullwidth-box fusion-builder-row-3 nonhundred-percent-fullwidth non-hundred-percent-height-scrolling\" style=\"background-color: #004293;background-position: center center;background-repeat: no-repeat;padding-top:9%;padding-right:0px;padding-bottom:9%;padding-left:0px;margin-bottom: 0px;margin-top: ;border-width: 0px 0px 0px 0px;border-color:#eae9e9;border-style:solid;\" ><div class=\"fusion-builder-row fusion-row\"><div class=\"fusion-layout-column fusion_builder_column fusion-builder-column-3 fusion_builder_column_1_2 1_2 fusion-one-half fusion-column-first\" style=\"width:50%;width:calc(50% - ( ( 4% ) * 0.5 ) );margin-right: 4%;margin-top:0px;margin-bottom:20px;\"><div class=\"fusion-column-wrapper fusion-flex-column-wrapper-legacy\" style=\"background-position:left top;background-repeat:no-repeat;-webkit-background-size:cover;-moz-background-size:cover;-o-background-size:cover;background-size:cover;padding: 0px 0px 0px 0px;\"><span class=\" fusion-imageframe imageframe-none imageframe-2 hover-type-none\" style=\"border-radius:9px;\"><img decoding=\"async\" width=\"1024\" height=\"679\" title=\"curso-de-ingles\" src=\"https:\/\/preuniversitarionewton.com\/new\/wp-content\/uploads\/2020\/09\/curso-de-ingles.jpg\" data-orig-src=\"https:\/\/preuniversitarionewton.com\/new\/wp-content\/uploads\/2020\/09\/curso-de-ingles.jpg\" class=\"lazyload img-responsive wp-image-3425\" srcset=\"data:image\/svg+xml,%3Csvg%20xmlns%3D%27http%3A%2F%2Fwww.w3.org%2F2000%2Fsvg%27%20width%3D%271024%27%20height%3D%27679%27%20viewBox%3D%270%200%201024%20679%27%3E%3Crect%20width%3D%271024%27%20height%3D%27679%27%20fill-opacity%3D%220%22%2F%3E%3C%2Fsvg%3E\" data-srcset=\"https:\/\/preuniversitarionewton.com\/new\/wp-content\/uploads\/2020\/09\/curso-de-ingles-200x133.jpg 200w, https:\/\/preuniversitarionewton.com\/new\/wp-content\/uploads\/2020\/09\/curso-de-ingles-400x265.jpg 400w, https:\/\/preuniversitarionewton.com\/new\/wp-content\/uploads\/2020\/09\/curso-de-ingles-600x398.jpg 600w, https:\/\/preuniversitarionewton.com\/new\/wp-content\/uploads\/2020\/09\/curso-de-ingles-800x530.jpg 800w, https:\/\/preuniversitarionewton.com\/new\/wp-content\/uploads\/2020\/09\/curso-de-ingles.jpg 1024w\" data-sizes=\"auto\" data-orig-sizes=\"(max-width: 1150px) 100vw, 600px\" \/><\/span><div class=\"fusion-clearfix\"><\/div><\/div><\/div><div class=\"fusion-layout-column fusion_builder_column fusion-builder-column-4 fusion_builder_column_1_2 1_2 fusion-one-half fusion-column-last\" style=\"width:50%;width:calc(50% - ( ( 4% ) * 0.5 ) );margin-top:0px;margin-bottom:20px;\"><div class=\"fusion-column-wrapper fusion-flex-column-wrapper-legacy\" style=\"background-position:left top;background-repeat:no-repeat;-webkit-background-size:cover;-moz-background-size:cover;-o-background-size:cover;background-size:cover;padding: 25px 0px 66px 0px;\"><style type=\"text\/css\"><\/style><div class=\"fusion-title title fusion-title-4 fusion-sep-none fusion-title-text fusion-title-size-six\" style=\"font-size:30px;margin-top:0px;margin-right:0px;margin-bottom:12px;margin-left:0px;\"><h6 class=\"title-heading-left fusion-responsive-typography-calculated\" style=\"margin:0;font-size:1em;color:#f6c800;--fontSize:30;line-height:1.3;\">Cuando dedicas tu tiempo a aprender ingl\u00e9s, consigues much\u00edsimos beneficios:<\/h6><\/div><ul class=\"fusion-checklist fusion-checklist-1\" style=\"font-size:21px;line-height:35.7px;\"><li class=\"fusion-li-item\"><span style=\"height:35.7px;width:35.7px;margin-right:14.7px;\" class=\"icon-wrapper circle-no\"><i class=\"fusion-li-icon fa-globe fas\" style=\"color:#ffffff;\" aria-hidden=\"true\"><\/i><\/span><div class=\"fusion-li-item-content\" style=\"margin-left:50.4px;\">\n<p><span style=\"color: #ffffff;\">Es el idioma <strong>m\u00e1s usado universalmente<\/strong><\/span><\/p>\n<\/div><\/li><li class=\"fusion-li-item\"><span style=\"height:35.7px;width:35.7px;margin-right:14.7px;\" class=\"icon-wrapper circle-no\"><i class=\"fusion-li-icon fa-check fas\" style=\"color:#ffffff;\" aria-hidden=\"true\"><\/i><\/span><div class=\"fusion-li-item-content\" style=\"margin-left:50.4px;\"><span style=\"color: #ffffff;\">Ser\u00e1s bilingue<\/span><\/div><\/li><li class=\"fusion-li-item\"><span style=\"height:35.7px;width:35.7px;margin-right:14.7px;\" class=\"icon-wrapper circle-no\"><i class=\"fusion-li-icon fa-handshake fas\" style=\"color:#ffffff;\" aria-hidden=\"true\"><\/i><\/span><div class=\"fusion-li-item-content\" style=\"margin-left:50.4px;\"><span style=\"color: #ffffff;\">Es muy f\u00e1cil <strong>ser contratado<\/strong> en un pa\u00eds extranjero<\/span><\/div><\/li><\/ul><div class=\"fusion-clearfix\"><\/div><\/div><\/div><\/div><\/div><div class=\"fusion-fullwidth fullwidth-box fusion-builder-row-4 nonhundred-percent-fullwidth non-hundred-percent-height-scrolling\" style=\"background-color: rgba(255,255,255,0);background-position: center center;background-repeat: no-repeat;padding-top:9%;padding-right:0px;padding-bottom:9%;padding-left:0px;margin-bottom: 0px;margin-top: ;border-width: 0px 0px 0px 0px;border-color:#eae9e9;border-style:solid;\" ><div class=\"fusion-builder-row fusion-row\"><div class=\"fusion-layout-column fusion_builder_column fusion-builder-column-5 fusion_builder_column_1_2 1_2 fusion-one-half fusion-column-first\" style=\"width:50%;width:calc(50% - ( ( 4% ) * 0.5 ) );margin-right: 4%;margin-top:0px;margin-bottom:20px;\"><div class=\"fusion-column-wrapper fusion-flex-column-wrapper-legacy\" style=\"background-position:left top;background-repeat:no-repeat;-webkit-background-size:cover;-moz-background-size:cover;-o-background-size:cover;background-size:cover;padding: 25px 0px 66px 0px;\"><ul class=\"fusion-checklist fusion-checklist-2\" style=\"font-size:21px;line-height:35.7px;\"><li class=\"fusion-li-item\"><span style=\"height:35.7px;width:35.7px;margin-right:14.7px;\" class=\"icon-wrapper circle-no\"><i class=\"fusion-li-icon fa-rocket fas\" style=\"color:#004293;\" aria-hidden=\"true\"><\/i><\/span><div class=\"fusion-li-item-content\" style=\"margin-left:50.4px;\">Hablar ingl\u00e9s<strong> te abre oportunidades<\/strong> a pesar de tu origen \u00e9tnico o nacionalidad, es un idioma que conecta.<\/div><\/li><li class=\"fusion-li-item\"><span style=\"height:35.7px;width:35.7px;margin-right:14.7px;\" class=\"icon-wrapper circle-no\"><i class=\"fusion-li-icon fa-money-bill fas\" style=\"color:#004293;\" aria-hidden=\"true\"><\/i><\/span><div class=\"fusion-li-item-content\" style=\"margin-left:50.4px;\">Puedes conseguir mejores oportunidades laborales y m\u00e1s ingresos.<\/div><\/li><li class=\"fusion-li-item\"><span style=\"height:35.7px;width:35.7px;margin-right:14.7px;\" class=\"icon-wrapper circle-no\"><i class=\"fusion-li-icon fa-comments fas\" style=\"color:#004293;\" aria-hidden=\"true\"><\/i><\/span><div class=\"fusion-li-item-content\" style=\"margin-left:50.4px;\">Es necesario para casi todo en la actualidad.<\/div><\/li><\/ul><div class=\"fusion-clearfix\"><\/div><\/div><\/div><div class=\"fusion-layout-column fusion_builder_column fusion-builder-column-6 fusion_builder_column_1_2 1_2 fusion-one-half fusion-column-last\" style=\"width:50%;width:calc(50% - ( ( 4% ) * 0.5 ) );margin-top:0px;margin-bottom:20px;\"><div class=\"fusion-column-wrapper fusion-flex-column-wrapper-legacy\" style=\"background-position:left top;background-repeat:no-repeat;-webkit-background-size:cover;-moz-background-size:cover;-o-background-size:cover;background-size:cover;padding: 0px 0px 0px 0px;\"><span class=\" fusion-imageframe imageframe-none imageframe-3 hover-type-none\" style=\"border-radius:9px;\"><img decoding=\"async\" width=\"626\" height=\"417\" title=\"aprende-ingles\" src=\"https:\/\/preuniversitarionewton.com\/new\/wp-content\/uploads\/2020\/09\/aprende-ingles.jpg\" data-orig-src=\"https:\/\/preuniversitarionewton.com\/new\/wp-content\/uploads\/2020\/09\/aprende-ingles.jpg\" class=\"lazyload img-responsive wp-image-3427\" srcset=\"data:image\/svg+xml,%3Csvg%20xmlns%3D%27http%3A%2F%2Fwww.w3.org%2F2000%2Fsvg%27%20width%3D%27626%27%20height%3D%27417%27%20viewBox%3D%270%200%20626%20417%27%3E%3Crect%20width%3D%27626%27%20height%3D%27417%27%20fill-opacity%3D%220%22%2F%3E%3C%2Fsvg%3E\" data-srcset=\"https:\/\/preuniversitarionewton.com\/new\/wp-content\/uploads\/2020\/09\/aprende-ingles-200x133.jpg 200w, https:\/\/preuniversitarionewton.com\/new\/wp-content\/uploads\/2020\/09\/aprende-ingles-400x266.jpg 400w, https:\/\/preuniversitarionewton.com\/new\/wp-content\/uploads\/2020\/09\/aprende-ingles-600x400.jpg 600w, https:\/\/preuniversitarionewton.com\/new\/wp-content\/uploads\/2020\/09\/aprende-ingles.jpg 626w\" data-sizes=\"auto\" data-orig-sizes=\"(max-width: 1150px) 100vw, 600px\" \/><\/span><div class=\"fusion-clearfix\"><\/div><\/div><\/div><\/div><\/div><div class=\"fusion-fullwidth fullwidth-box fusion-builder-row-5 nonhundred-percent-fullwidth non-hundred-percent-height-scrolling\" style=\"background-color: f7f7f7;background-image:linear-gradient(180deg, #f9f9f9 0%,#f9f9f9 100%);background-position: center center;background-repeat: no-repeat;padding-top:9%;padding-right:0px;padding-bottom:9%;padding-left:0px;margin-bottom: 0px;margin-top: 0px;border-width: 0px 0px 0px 0px;border-color:#eae9e9;border-style:solid;\" ><div class=\"fusion-builder-row fusion-row\"><div class=\"fusion-layout-column fusion_builder_column fusion-builder-column-7 fusion_builder_column_1_5 1_5 fusion-one-fifth fusion-column-first\" style=\"width:20%;width:calc(20% - ( ( 4% + 4% ) * 0.2 ) );margin-right: 4%;margin-top:0px;margin-bottom:20px;\"><div class=\"fusion-column-wrapper fusion-flex-column-wrapper-legacy\" style=\"background-position:left top;background-repeat:no-repeat;-webkit-background-size:cover;-moz-background-size:cover;-o-background-size:cover;background-size:cover;padding: 0px 0px 0px 0px;\"><div class=\"fusion-clearfix\"><\/div><\/div><\/div><div class=\"fusion-layout-column fusion_builder_column fusion-builder-column-8 fusion_builder_column_3_5 3_5 fusion-three-fifth\" style=\"width:60%;width:calc(60% - ( ( 4% + 4% ) * 0.6 ) );margin-right: 4%;margin-top:0px;margin-bottom:20px;\"><div class=\"fusion-column-wrapper fusion-flex-column-wrapper-legacy\" style=\"background-position:left top;background-repeat:no-repeat;-webkit-background-size:cover;-moz-background-size:cover;-o-background-size:cover;background-size:cover;padding: 0px 0px 0px 0px;\"><style type=\"text\/css\"><\/style><div class=\"fusion-title title fusion-title-5 fusion-sep-none fusion-title-center fusion-title-text fusion-title-size-six\" style=\"font-size:32px;margin-top:0px;margin-right:0px;margin-bottom:12px;margin-left:0px;\"><h6 class=\"title-heading-center fusion-responsive-typography-calculated\" style=\"margin:0;font-size:1em;--fontSize:32;line-height:1.3;\">Adem\u00e1s, <strong>\u00bfa qui\u00e9n no le gusta una canci\u00f3n en ingl\u00e9s y quiere cantarla perfecto?<\/strong><\/h6><\/div><div class=\"fusion-clearfix\"><\/div><\/div><\/div><div class=\"fusion-layout-column fusion_builder_column fusion-builder-column-9 fusion_builder_column_1_5 1_5 fusion-one-fifth fusion-column-last\" style=\"width:20%;width:calc(20% - ( ( 4% + 4% ) * 0.2 ) );margin-top:0px;margin-bottom:20px;\"><div class=\"fusion-column-wrapper fusion-flex-column-wrapper-legacy\" style=\"background-position:left top;background-repeat:no-repeat;-webkit-background-size:cover;-moz-background-size:cover;-o-background-size:cover;background-size:cover;padding: 0px 0px 0px 0px;\"><div class=\"fusion-clearfix\"><\/div><\/div><\/div><\/div><\/div><div class=\"fusion-fullwidth fullwidth-box fusion-builder-row-6 nonhundred-percent-fullwidth non-hundred-percent-height-scrolling\" style=\"background-color: #004293;background-position: center center;background-repeat: no-repeat;padding-top:0px;padding-right:0px;padding-bottom:0px;padding-left:0px;margin-bottom: 0px;margin-top: 0px;border-width: 0px 0px 0px 0px;border-color:#eae9e9;border-style:solid;\" ><div class=\"fusion-builder-row fusion-row\"><div class=\"fusion-layout-column fusion_builder_column fusion-builder-column-10 fusion_builder_column_1_5 1_5 fusion-one-fifth fusion-column-first\" style=\"width:20%;width:calc(20% - ( ( 4% + 4% ) * 0.2 ) );margin-right: 4%;margin-top:0px;margin-bottom:20px;\"><div class=\"fusion-column-wrapper fusion-flex-column-wrapper-legacy\" style=\"background-position:left top;background-repeat:no-repeat;-webkit-background-size:cover;-moz-background-size:cover;-o-background-size:cover;background-size:cover;padding: 0px 0px 0px 0px;\"><div class=\"fusion-clearfix\"><\/div><\/div><\/div><div class=\"fusion-layout-column fusion_builder_column fusion-builder-column-11 fusion_builder_column_3_5 3_5 fusion-three-fifth\" style=\"width:60%;width:calc(60% - ( ( 4% + 4% ) * 0.6 ) );margin-right: 4%;margin-top:0px;margin-bottom:20px;\"><div class=\"fusion-column-wrapper fusion-flex-column-wrapper-legacy\" style=\"background-position:left top;background-repeat:no-repeat;-webkit-background-size:cover;-moz-background-size:cover;-o-background-size:cover;background-size:cover;padding: 0px 0px 0px 0px;\"><style type=\"text\/css\"><\/style><div class=\"fusion-title title fusion-title-6 fusion-sep-none fusion-title-center fusion-title-text fusion-title-size-six\" style=\"font-size:32px;margin-top:0px;margin-right:0px;margin-bottom:12px;margin-left:0px;\"><h6 class=\"title-heading-center fusion-responsive-typography-calculated\" style=\"margin:0;font-size:1em;color:#ffffff;--fontSize:32;line-height:1.5;\">No busques m\u00e1s e inscr\u00edbete con nosotros<\/h6><\/div><div class=\"fusion-sep-clear\"><\/div><div class=\"fusion-separator fusion-full-width-sep\" style=\"margin-left: auto;margin-right: auto;margin-top:21px;width:100%;\"><\/div><div class=\"fusion-sep-clear\"><\/div><div class=\"fusion-aligncenter\"><style type=\"text\/css\">.fusion-button.button-2 {border-radius:40px;}<\/style><a class=\"fusion-button button-flat button-xlarge button-default button-2 fusion-button-default-span fusion-button-default-type\" target=\"_blank\" rel=\"noopener noreferrer\" href=\"https:\/\/bit.ly\/Informaci\u00f3nPreuniversitarioNewton2021\"><i class=\"fa-whatsapp fab button-icon-left\" aria-hidden=\"true\"><\/i><span class=\"fusion-button-text\">\u00a1Aprende con los mejores!<\/span><\/a><\/div><div class=\"fusion-sep-clear\"><\/div><div class=\"fusion-separator fusion-full-width-sep\" style=\"margin-left: auto;margin-right: auto;margin-top:21px;margin-bottom:21px;width:100%;\"><\/div><div class=\"fusion-sep-clear\"><\/div><div class=\"fusion-builder-row fusion-builder-row-inner fusion-row\"><div class=\"fusion-layout-column fusion_builder_column_inner fusion-builder-nested-column-0 fusion_builder_column_inner_1_1 1_1 fusion-one-full fusion-column-first fusion-column-last\" style=\"margin-top:0px;margin-bottom:20px;\"><div class=\"fusion-column-wrapper fusion-column-has-shadow fusion-flex-column-wrapper-legacy\" style=\"background-position:left top;background-repeat:no-repeat;-webkit-background-size:cover;-moz-background-size:cover;-o-background-size:cover;background-size:cover;border-radius:9px 9px 9px 9px;background-color:#ffffff;border-radius:9px 9px 9px 9px;overflow:hidden;box-shadow:5px 5px 20px 0px rgba(0,23,61,0.47);;padding: 40px 28px 0px 28px;\"><div class=\"pipedriveWebForms\" data-pd-webforms=\"https:\/\/webforms.pipedrive.com\/f\/1uLmMSMzDDlY3U0PfhyePY2aa5b3XyJdGn6yGvvh3vRk6Ezv7tAbhl1Ovw45m28Qb\"><script src=\"https:\/\/webforms.pipedrive.com\/f\/loader\"><\/script><\/div><div class=\"fusion-clearfix\"><\/div><\/div><\/div><\/div><div class=\"fusion-clearfix\"><\/div><\/div><\/div><div class=\"fusion-layout-column fusion_builder_column fusion-builder-column-12 fusion_builder_column_1_5 1_5 fusion-one-fifth fusion-column-last\" style=\"width:20%;width:calc(20% - ( ( 4% + 4% ) * 0.2 ) );margin-top:0px;margin-bottom:20px;\"><div class=\"fusion-column-wrapper fusion-flex-column-wrapper-legacy\" style=\"background-position:left top;background-repeat:no-repeat;-webkit-background-size:cover;-moz-background-size:cover;-o-background-size:cover;background-size:cover;padding: 0px 0px 0px 0px;\"><div class=\"fusion-clearfix\"><\/div><\/div><\/div><\/div><\/div><\/p>\n","protected":false},"excerpt":{"rendered":"","protected":false},"author":1,"featured_media":0,"parent":0,"menu_order":0,"comment_status":"closed","ping_status":"closed","template":"100-width.php","meta":{"footnotes":""},"class_list":["post-3422","page","type-page","status-publish","hentry"],"_links":{"self":[{"href":"https:\/\/preuniversitarionewton.com\/new\/wp-json\/wp\/v2\/pages\/3422","targetHints":{"allow":["GET"]}}],"collection":[{"href":"https:\/\/preuniversitarionewton.com\/new\/wp-json\/wp\/v2\/pages"}],"about":[{"href":"https:\/\/preuniversitarionewton.com\/new\/wp-json\/wp\/v2\/types\/page"}],"author":[{"embeddable":true,"href":"https:\/\/preuniversitarionewton.com\/new\/wp-json\/wp\/v2\/users\/1"}],"replies":[{"embeddable":true,"href":"https:\/\/preuniversitarionewton.com\/new\/wp-json\/wp\/v2\/comments?post=3422"}],"version-history":[{"count":13,"href":"https:\/\/preuniversitarionewton.com\/new\/wp-json\/wp\/v2\/pages\/3422\/revisions"}],"predecessor-version":[{"id":3911,"href":"https:\/\/preuniversitarionewton.com\/new\/wp-json\/wp\/v2\/pages\/3422\/revisions\/3911"}],"wp:attachment":[{"href":"https:\/\/preuniversitarionewton.com\/new\/wp-json\/wp\/v2\/media?parent=3422"}],"curies":[{"name":"wp","href":"https:\/\/api.w.org\/{rel}","templated":true}]}}