{"id":3186,"date":"2020-04-11T17:32:12","date_gmt":"2020-04-11T17:32:12","guid":{"rendered":"https:\/\/preuniversitarionewton.com\/new\/?page_id=3186"},"modified":"2021-09-01T12:12:51","modified_gmt":"2021-09-01T17:12:51","slug":"traducciones","status":"publish","type":"page","link":"https:\/\/preuniversitarionewton.com\/new\/servicios\/traducciones\/","title":{"rendered":"Traducciones"},"content":{"rendered":"<p><div class=\"fusion-fullwidth fullwidth-box fusion-builder-row-1 fusion-parallax-none nonhundred-percent-fullwidth non-hundred-percent-height-scrolling fusion-equal-height-columns lazyload\" style=\"background-color: #060607;background-image:linear-gradient(90deg, rgba(6,6,7,0.66) 45%,rgba(6,6,7,0.47) 75%);background-position: center center;background-repeat: no-repeat;padding-top:250px;padding-right:0px;padding-bottom:0%;padding-left:0px;margin-bottom: 0px;margin-top: 0px;border-width: 0px 0px 0px 0px;border-color:#eae9e9;border-style:solid;-webkit-background-size:cover;-moz-background-size:cover;-o-background-size:cover;background-size:cover;\" data-bg=\"https:\/\/preuniversitarionewton.com\/new\/wp-content\/uploads\/2020\/04\/traducciones.jpg\" data-bg-gradient=\"linear-gradient(90deg, rgba(6,6,7,0.66) 45%,rgba(6,6,7,0.47) 75%)\" ><div class=\"fusion-builder-row fusion-row\"><div class=\"fusion-layout-column fusion_builder_column fusion-builder-column-0 fusion_builder_column_3_4 3_4 fusion-three-fourth fusion-column-first fusion-animated\" style=\"width:75%;width:calc(75% - ( ( 4% ) * 0.75 ) );margin-right: 4%;margin-top:0px;margin-bottom:0px;\" data-animationType=\"fadeInDown\" data-animationDuration=\"0.8\" data-animationOffset=\"top-into-view\"><div class=\"fusion-column-wrapper fusion-flex-column-wrapper-legacy\" style=\"background-position:left top;background-repeat:no-repeat;-webkit-background-size:cover;-moz-background-size:cover;-o-background-size:cover;background-size:cover;padding: 0px 0px 0px 0px;\"><div class=\"fusion-sep-clear\"><\/div><div class=\"fusion-separator fusion-no-large-visibility fusion-full-width-sep\" style=\"margin-left: auto;margin-right: auto;margin-bottom:30px;width:100%;\"><\/div><div class=\"fusion-sep-clear\"><\/div><style type=\"text\/css\">@media only screen and (max-width:1150px) {.fusion-title.fusion-title-1{margin-top:!important;margin-bottom:2%!important;}}<\/style><div class=\"fusion-title title fusion-title-1 fusion-sep-none fusion-title-text fusion-title-size-one\" style=\"font-size:27px;margin-top:0px;margin-right:0px;margin-bottom:2%;margin-left:0px;\"><h1 class=\"title-heading-left fusion-responsive-typography-calculated\" style=\"margin:0;font-size:1em;color:#f6c800;--fontSize:27;line-height:1.2;\">Servicios de<\/h1><\/div><style type=\"text\/css\">@media only screen and (max-width:1150px) {.fusion-title.fusion-title-2{margin-top:!important;margin-bottom:10px!important;}}<\/style><div class=\"fusion-title title fusion-title-2 fusion-sep-none fusion-title-text fusion-title-size-two\" style=\"font-size:66px;margin-top:0px;margin-right:0px;margin-bottom:2%;margin-left:0px;\"><h2 class=\"title-heading-left fusion-responsive-typography-calculated\" style=\"margin:0;font-size:1em;color:#ffffff;--fontSize:66;line-height:1;\">Traducciones<\/h2><\/div><div class=\"fusion-sep-clear\"><\/div><div class=\"fusion-separator fusion-full-width-sep\" style=\"margin-left: auto;margin-right: auto;width:100%;\"><\/div><div class=\"fusion-sep-clear\"><\/div><div class=\"fusion-sep-clear\"><\/div><div class=\"fusion-separator fusion-full-width-sep\" style=\"margin-left: auto;margin-right: auto;margin-top:20px;margin-bottom:0px;width:100%;\"><\/div><div class=\"fusion-sep-clear\"><\/div><div class=\"fusion-sep-clear\"><\/div><div class=\"fusion-separator fusion-no-large-visibility fusion-full-width-sep\" style=\"margin-left: auto;margin-right: auto;margin-bottom:4%;width:100%;\"><\/div><div class=\"fusion-sep-clear\"><\/div><div class=\"fusion-sep-clear\"><\/div><div class=\"fusion-separator fusion-no-large-visibility fusion-full-width-sep\" style=\"margin-left: auto;margin-right: auto;margin-bottom:8%;width:100%;\"><\/div><div class=\"fusion-sep-clear\"><\/div><div class=\"fusion-clearfix\"><\/div><\/div><\/div><\/div><\/div><div class=\"fusion-fullwidth fullwidth-box fusion-builder-row-2 nonhundred-percent-fullwidth non-hundred-percent-height-scrolling\" style=\"background-color: rgba(255,255,255,0);background-position: center center;background-repeat: no-repeat;padding-top:0%;padding-right:0px;padding-bottom:3%;padding-left:0px;margin-bottom: 0px;margin-top: 66px;border-width: 0px 0px 0px 0px;border-color:#eae9e9;border-style:solid;\" ><div class=\"fusion-builder-row fusion-row\"><div class=\"fusion-layout-column fusion_builder_column fusion-builder-column-1 fusion_builder_column_2_3 2_3 fusion-two-third fusion-column-first\" style=\"width:66.666666666667%;width:calc(66.666666666667% - ( ( 2% ) * 0.66666666666667 ) );margin-right: 2%;margin-top:0px;margin-bottom:20px;\"><div class=\"fusion-column-wrapper fusion-flex-column-wrapper-legacy\" style=\"background-position:left top;background-repeat:no-repeat;-webkit-background-size:cover;-moz-background-size:cover;-o-background-size:cover;background-size:cover;padding: 0px 24px 0px 0px;\"><div class=\"fusion-text fusion-text-1\"><p>Si usted requiere plasmar con profesionalismo sus documentos, entonces trad\u00fazcalos con nosotros. Contamos con un equipo de expertos traductores comprometidos con los principios de precisi\u00f3n y calidad en la traducci\u00f3n.<\/p>\n<p>Trabajamos con profesionales de la<strong>\u00a0ATIEC (Asociaci\u00f3n de Traductores e Int\u00e9rpretes del Ecuador) y de la ATA (American Translators Association), de la Universidad de Lengua y Cultura de Beijing (BLCU) y de la Universidad de Negocios y Econom\u00eda de Beijing (UIBE)<\/strong>.<\/p>\n<h3><strong>a. Traducciones Escritas<\/strong><\/h3>\n<p>Se realizan traducciones certificadas de documentos,\u00a0<strong>Educativos, Cient\u00edficos, Comerciales y Legales<\/strong>\u00a0para los siguientes idiomas:<\/p>\n<ul>\n<li>Espa\u00f1ol \u2194\u00a0Ingl\u00e9s<\/li>\n<li>Espa\u00f1ol \u2194\u00a0Chino Mandar\u00edn<\/li>\n<li>Espa\u00f1ol \u2194\u00a0Alem\u00e1n<\/li>\n<li>Espa\u00f1ol \u2194\u00a0Franc\u00e9s<\/li>\n<li>Espa\u00f1ol\u00a0\u2194\u00a0Kichwa<\/li>\n<li>Espa\u00f1ol\u00a0\u2194 Ruso<\/li>\n<\/ul>\n<h3><strong>b. Certificaci\u00f3n y Notarizaci\u00f3n de Documentos<\/strong><\/h3>\n<p>Ofrecemos el servicio de traducci\u00f3n, certificaci\u00f3n y notarizaci\u00f3n de documentos, tenemos un convenios con notar\u00edas en de Quito a fin de entregarle sus documentos de manera \u00e1gil y oportuna, de requerirse le ofrecemos el servicio de entrega a domicilio sin ning\u00fan recargo adicional.<\/p>\n<h3><strong>c. Interpretaci\u00f3n Consecutiva<\/strong><\/h3>\n<p><strong>Para: \u00a0<\/strong><\/p>\n<ul>\n<li>Mandar\u00edn &#8211; Espa\u00f1ol<\/li>\n<li dir=\"ltr\">Espa\u00f1ol &#8211; Mandar\u00edn<\/li>\n<\/ul>\n<\/div><div class=\"fusion-sep-clear\"><\/div><div class=\"fusion-separator fusion-full-width-sep\" style=\"margin-left: auto;margin-right: auto;margin-top:21px;width:100%;\"><\/div><div class=\"fusion-sep-clear\"><\/div><div class=\"fusion-alignleft\"><style type=\"text\/css\">.fusion-button.button-1 {border-radius:40px;}<\/style><a class=\"fusion-button button-flat button-xlarge button-default button-1 fusion-button-default-span fusion-button-default-type\" target=\"_blank\" rel=\"noopener noreferrer\" href=\"https:\/\/api.whatsapp.com\/send?phone=593995500003&amp;text=Hola%20deseo%20m%C3%A1s%20informaci%C3%B3n%20sobre%20servicios%20de%20traducci%C3%B3n.\"><span class=\"fusion-button-text\">Asesor online<\/span><i class=\"fa-arrow-right fas button-icon-right\" aria-hidden=\"true\"><\/i><\/a><\/div><div class=\"fusion-sep-clear\"><\/div><div class=\"fusion-separator fusion-full-width-sep\" style=\"margin-left: auto;margin-right: auto;margin-top:21px;width:100%;\"><\/div><div class=\"fusion-sep-clear\"><\/div><div class=\"fusion-clearfix\"><\/div><\/div><\/div><div class=\"fusion-layout-column fusion_builder_column fusion-builder-column-2 fusion_builder_column_1_3 1_3 fusion-one-third fusion-column-last\" style=\"width:33.333333333333%;width:calc(33.333333333333% - ( ( 2% ) * 0.33333333333333 ) );margin-top:0px;margin-bottom:20px;\"><div class=\"fusion-column-wrapper fusion-flex-column-wrapper-legacy\" style=\"background-position:left top;background-repeat:no-repeat;-webkit-background-size:cover;-moz-background-size:cover;-o-background-size:cover;background-size:cover;border-width: 0 0 0 1px;border-color:#d3d3d3;border-style:solid;padding: 0px 0px 0px 47px;\"><span class=\" fusion-imageframe imageframe-none imageframe-1 hover-type-zoomin\"><img decoding=\"async\" width=\"600\" height=\"400\" title=\"xs_newton_preuniversitario_lang\" src=\"https:\/\/preuniversitarionewton.com\/new\/wp-content\/uploads\/2020\/04\/xs_newton_preuniversitario_lang.jpg\" data-orig-src=\"https:\/\/preuniversitarionewton.com\/new\/wp-content\/uploads\/2020\/04\/xs_newton_preuniversitario_lang.jpg\" class=\"lazyload img-responsive wp-image-3188\" srcset=\"data:image\/svg+xml,%3Csvg%20xmlns%3D%27http%3A%2F%2Fwww.w3.org%2F2000%2Fsvg%27%20width%3D%27600%27%20height%3D%27400%27%20viewBox%3D%270%200%20600%20400%27%3E%3Crect%20width%3D%27600%27%20height%3D%27400%27%20fill-opacity%3D%220%22%2F%3E%3C%2Fsvg%3E\" data-srcset=\"https:\/\/preuniversitarionewton.com\/new\/wp-content\/uploads\/2020\/04\/xs_newton_preuniversitario_lang-200x133.jpg 200w, https:\/\/preuniversitarionewton.com\/new\/wp-content\/uploads\/2020\/04\/xs_newton_preuniversitario_lang-400x267.jpg 400w, https:\/\/preuniversitarionewton.com\/new\/wp-content\/uploads\/2020\/04\/xs_newton_preuniversitario_lang.jpg 600w\" data-sizes=\"auto\" data-orig-sizes=\"(max-width: 1150px) 100vw, 400px\" \/><\/span><style type=\"text\/css\"><\/style><div class=\"fusion-title title fusion-title-3 fusion-sep-none fusion-title-text fusion-title-size-four\" style=\"font-size:19px;margin-top:12px;margin-right:0px;margin-bottom:0px;margin-left:0px;\"><h4 class=\"title-heading-left fusion-responsive-typography-calculated\" style=\"font-family:&quot;Titillium Web&quot;;font-weight:400;margin:0;font-size:1em;color:#000000;--fontSize:19;--minFontSize:19px;line-height:1.2;\"><strong>TRADUCCIONES<\/strong><\/h4><\/div><div class=\"fusion-text fusion-text-2\"><p>Se traduce de manera r\u00e1pida, garantizada y profesional cualquier tipo de documento.<\/p>\n<p>Env\u00edenos sus requerimientos a:\u00a0<strong><span id=\"cloak1803ff9397dae1078b37be915818b80f\"><a href=\"mailto:traducciones@preuniversitarionewton.com\">traducciones@preuniversitarionewton.com<\/a><\/span><\/strong><\/p>\n<p>Para una atenci\u00f3n personalizada ll\u00e1manos al:\u00a0<strong>(02) 25-53-190<\/strong><\/p>\n<p>Cel: <strong>099 850 0013<\/strong><\/p>\n<\/div><div class=\"fusion-sep-clear\"><\/div><div class=\"fusion-separator fusion-full-width-sep\" style=\"margin-left: auto;margin-right: auto;margin-top:15px;width:100%;\"><\/div><div class=\"fusion-sep-clear\"><\/div><div class=\"fusion-alignleft\"><style type=\"text\/css\">.fusion-button.button-2 .fusion-button-text, .fusion-button.button-2 i {color:#ffffff;}.fusion-button.button-2 .fusion-button-icon-divider{border-color:#ffffff;}.fusion-button.button-2:hover .fusion-button-text, .fusion-button.button-2:hover i,.fusion-button.button-2:focus .fusion-button-text, .fusion-button.button-2:focus i,.fusion-button.button-2:active .fusion-button-text, .fusion-button.button-2:active{color:#ffffff;}.fusion-button.button-2:hover .fusion-button-icon-divider, .fusion-button.button-2:hover .fusion-button-icon-divider, .fusion-button.button-2:active .fusion-button-icon-divider{border-color:#ffffff;}.fusion-button.button-2:hover, .fusion-button.button-2:focus, .fusion-button.button-2:active{border-color:rgba(255,255,255,0);}.fusion-button.button-2 {border-color:rgba(255,255,255,0);border-radius:40px;}.fusion-button.button-2{background: #004293;}.fusion-button.button-2:hover,.button-2:focus,.fusion-button.button-2:active{background: #ff000c;}<\/style><a class=\"fusion-button button-flat button-xlarge button-custom button-2 fusion-button-default-span fusion-button-default-type\" target=\"_blank\" rel=\"noopener noreferrer\" href=\"mailto:traducciones@preuniversitarionewton.com\"><i class=\"fa-list fas button-icon-left\" aria-hidden=\"true\"><\/i><span class=\"fusion-button-text\">Enviar requerimiento<\/span><\/a><\/div><div class=\"fusion-sep-clear\"><\/div><div class=\"fusion-separator fusion-full-width-sep\" style=\"margin-left: auto;margin-right: auto;margin-top:21px;width:100%;\"><\/div><div class=\"fusion-sep-clear\"><\/div><div class=\"imageframe-align-center\"><span class=\" fusion-imageframe imageframe-none imageframe-2 hover-type-none\"><img decoding=\"async\" width=\"250\" height=\"20\" title=\"line\" src=\"https:\/\/preuniversitarionewton.com\/new\/wp-content\/uploads\/2020\/03\/line.png\" data-orig-src=\"https:\/\/preuniversitarionewton.com\/new\/wp-content\/uploads\/2020\/03\/line.png\" class=\"lazyload img-responsive wp-image-2742\" srcset=\"data:image\/svg+xml,%3Csvg%20xmlns%3D%27http%3A%2F%2Fwww.w3.org%2F2000%2Fsvg%27%20width%3D%27250%27%20height%3D%2720%27%20viewBox%3D%270%200%20250%2020%27%3E%3Crect%20width%3D%27250%27%20height%3D%2720%27%20fill-opacity%3D%220%22%2F%3E%3C%2Fsvg%3E\" data-srcset=\"https:\/\/preuniversitarionewton.com\/new\/wp-content\/uploads\/2020\/03\/line-200x16.png 200w, https:\/\/preuniversitarionewton.com\/new\/wp-content\/uploads\/2020\/03\/line.png 250w\" data-sizes=\"auto\" data-orig-sizes=\"(max-width: 1150px) 100vw, 250px\" \/><\/span><\/div><div class=\"fusion-sep-clear\"><\/div><div class=\"fusion-separator fusion-full-width-sep\" style=\"margin-left: auto;margin-right: auto;margin-top:21px;width:100%;\"><\/div><div class=\"fusion-sep-clear\"><\/div><div class=\"fusion-sep-clear\"><\/div><div class=\"fusion-separator fusion-full-width-sep\" style=\"margin-left: auto;margin-right: auto;margin-top:21px;width:100%;\"><\/div><div class=\"fusion-sep-clear\"><\/div><div class=\"fusion-clearfix\"><\/div><\/div><\/div><\/div><\/div><div class=\"fusion-fullwidth fullwidth-box fusion-builder-row-3 fusion-parallax-none nonhundred-percent-fullwidth non-hundred-percent-height-scrolling lazyload\" style=\"background-color: #004293;background-image:linear-gradient(90deg, #004293 47%,rgba(6,6,7,0) 95%);background-position: left center;background-repeat: no-repeat;padding-top:100px;padding-right:0px;padding-bottom:47px;padding-left:0px;margin-bottom: 0px;margin-top: 0px;border-width: 0px 0px 0px 0px;border-color:#eae9e9;border-style:solid;-webkit-background-size:cover;-moz-background-size:cover;-o-background-size:cover;background-size:cover;\" data-bg=\"https:\/\/preuniversitarionewton.com\/new\/wp-content\/uploads\/2020\/03\/s3.jpg\" data-bg-gradient=\"linear-gradient(90deg, #004293 47%,rgba(6,6,7,0) 95%)\" ><div class=\"fusion-builder-row fusion-row\"><div class=\"fusion-layout-column fusion_builder_column fusion-builder-column-3 fusion_builder_column_1_2 1_2 fusion-one-half fusion-column-first fusion-animated\" style=\"width:50%;width:calc(50% - ( ( 4% ) * 0.5 ) );margin-right: 4%;margin-top:0px;margin-bottom:21px;\" data-animationType=\"fadeInLeft\" data-animationDuration=\"1.0\" data-animationOffset=\"top-into-view\"><div class=\"fusion-column-wrapper fusion-flex-column-wrapper-legacy\" style=\"background-position:left top;background-repeat:no-repeat;-webkit-background-size:cover;-moz-background-size:cover;-o-background-size:cover;background-size:cover;padding: 22px 0px 15px 0px;\"><style type=\"text\/css\"><\/style><div class=\"fusion-title title fusion-title-4 fusion-sep-none fusion-title-text fusion-title-size-four\" style=\"font-size:58px;margin-top:0px;margin-right:0px;margin-bottom:10px;margin-left:0px;\"><h4 class=\"title-heading-left fusion-responsive-typography-calculated\" style=\"margin:0;font-size:1em;color:#ffffff;--fontSize:58;line-height:0.95;\"><b style=\"color: #f6c800;\">\u00bfEST\u00c1S LISTO<\/b><span style=\"font-weight: 300;\"> PARA DAR EL<\/span> <b style=\"color: #f6c800;\">GRAN PASO?<\/b><\/h4><\/div><div class=\"fusion-sep-clear\"><\/div><div class=\"fusion-separator fusion-full-width-sep\" style=\"margin-left: auto;margin-right: auto;margin-top:21px;width:100%;\"><\/div><div class=\"fusion-sep-clear\"><\/div><div class=\"fusion-builder-row fusion-builder-row-inner fusion-row\"><div class=\"fusion-layout-column fusion_builder_column_inner fusion-builder-nested-column-0 fusion_builder_column_inner_1_1 1_1 fusion-one-full fusion-column-first fusion-column-last\" style=\"margin-top:0px;margin-bottom:20px;\"><div class=\"fusion-column-wrapper fusion-column-has-shadow fusion-flex-column-wrapper-legacy\" style=\"background-position:left top;background-repeat:no-repeat;-webkit-background-size:cover;-moz-background-size:cover;-o-background-size:cover;background-size:cover;border-radius:9px 9px 9px 9px;background-color:#ffffff;border-radius:9px 9px 9px 9px;overflow:hidden;box-shadow:5px 5px 20px 0px rgba(0,23,61,0.47);;padding: 40px 28px 0px 28px;\">\n<div class=\"wpcf7 no-js\" id=\"wpcf7-f1745-o1\" lang=\"en-US\" dir=\"ltr\" data-wpcf7-id=\"1745\">\n<div class=\"screen-reader-response\"><p role=\"status\" aria-live=\"polite\" aria-atomic=\"true\"><\/p> <ul><\/ul><\/div>\n<form action=\"\/new\/wp-json\/wp\/v2\/pages\/3186#wpcf7-f1745-o1\" method=\"post\" class=\"wpcf7-form init\" aria-label=\"Contact form\" novalidate=\"novalidate\" data-status=\"init\">\n<fieldset class=\"hidden-fields-container\"><input type=\"hidden\" name=\"_wpcf7\" value=\"1745\" \/><input type=\"hidden\" name=\"_wpcf7_version\" value=\"6.1.5\" \/><input type=\"hidden\" name=\"_wpcf7_locale\" value=\"en_US\" \/><input type=\"hidden\" name=\"_wpcf7_unit_tag\" value=\"wpcf7-f1745-o1\" \/><input type=\"hidden\" name=\"_wpcf7_container_post\" value=\"0\" \/><input type=\"hidden\" name=\"_wpcf7_posted_data_hash\" value=\"\" \/><input type=\"hidden\" name=\"_wpcf7_recaptcha_response\" value=\"\" \/>\n<\/fieldset>\n<div class=\"fusion-layout-column\" style=\"width:55%; margin-right: 30px;\">\n\t<p><span class=\"wpcf7-form-control-wrap\" data-name=\"tel-672\"><input size=\"40\" maxlength=\"400\" class=\"wpcf7-form-control wpcf7-tel wpcf7-validates-as-required wpcf7-text wpcf7-validates-as-tel\" aria-required=\"true\" aria-invalid=\"false\" placeholder=\"D\u00e9janos tu WhatsApp...\" value=\"\" type=\"tel\" name=\"tel-672\" \/><\/span>\n\t<\/p>\n<\/div>\n<p><input type=\"submit\" class=\"wpcf7-form-control wpcf7-submit\" value=\"Enviar a Newton\" style=\"padding: 20px 30px; font-size: 18px;\" \/>\n<\/p><div class=\"fusion-alert alert custom alert-custom fusion-alert-center wpcf7-response-output fusion-alert-capitalize alert-dismissable\" style=\"border-width:1px;\"><button type=\"button\" class=\"close toggle-alert\" data-dismiss=\"alert\" aria-label=\"Close\">&times;<\/button><div class=\"fusion-alert-content-wrapper\"><span class=\"fusion-alert-content\"><\/span><\/div><\/div>\n<\/form>\n<\/div>\n<div class=\"fusion-clearfix\"><\/div><\/div><\/div><\/div><div class=\"fusion-sep-clear\"><\/div><div class=\"fusion-separator fusion-full-width-sep\" style=\"margin-left: auto;margin-right: auto;margin-bottom:15px;width:100%;\"><\/div><div class=\"fusion-sep-clear\"><\/div><div class=\"fusion-text fusion-text-3\"><p style=\"color: #98939f; font-size: 14px;\" data-fusion-font=\"true\"><span style=\"color: #ffffff;\">*Los datos se utilizar\u00e1n para proporcionar la informaci\u00f3n solicitada y no ser\u00e1n compartidos con terceros.<\/span><\/p>\n<\/div><div class=\"fusion-clearfix\"><\/div><\/div><\/div><\/div><\/div>\n<\/p>\n","protected":false},"excerpt":{"rendered":"","protected":false},"author":1,"featured_media":0,"parent":3192,"menu_order":0,"comment_status":"closed","ping_status":"closed","template":"100-width.php","meta":{"footnotes":""},"class_list":["post-3186","page","type-page","status-publish","hentry"],"_links":{"self":[{"href":"https:\/\/preuniversitarionewton.com\/new\/wp-json\/wp\/v2\/pages\/3186","targetHints":{"allow":["GET"]}}],"collection":[{"href":"https:\/\/preuniversitarionewton.com\/new\/wp-json\/wp\/v2\/pages"}],"about":[{"href":"https:\/\/preuniversitarionewton.com\/new\/wp-json\/wp\/v2\/types\/page"}],"author":[{"embeddable":true,"href":"https:\/\/preuniversitarionewton.com\/new\/wp-json\/wp\/v2\/users\/1"}],"replies":[{"embeddable":true,"href":"https:\/\/preuniversitarionewton.com\/new\/wp-json\/wp\/v2\/comments?post=3186"}],"version-history":[{"count":8,"href":"https:\/\/preuniversitarionewton.com\/new\/wp-json\/wp\/v2\/pages\/3186\/revisions"}],"predecessor-version":[{"id":3909,"href":"https:\/\/preuniversitarionewton.com\/new\/wp-json\/wp\/v2\/pages\/3186\/revisions\/3909"}],"up":[{"embeddable":true,"href":"https:\/\/preuniversitarionewton.com\/new\/wp-json\/wp\/v2\/pages\/3192"}],"wp:attachment":[{"href":"https:\/\/preuniversitarionewton.com\/new\/wp-json\/wp\/v2\/media?parent=3186"}],"curies":[{"name":"wp","href":"https:\/\/api.w.org\/{rel}","templated":true}]}}