{"id":3087,"date":"2020-04-03T13:38:58","date_gmt":"2020-04-03T13:38:58","guid":{"rendered":"https:\/\/preuniversitarionewton.com\/new\/?page_id=3087"},"modified":"2021-09-01T12:10:45","modified_gmt":"2021-09-01T17:10:45","slug":"college-board-usfq","status":"publish","type":"page","link":"https:\/\/preuniversitarionewton.com\/new\/posgrados\/college-board-usfq\/","title":{"rendered":"COLLEGE BOARD USFQ"},"content":{"rendered":"<p><div class=\"fusion-fullwidth fullwidth-box fusion-builder-row-1 fusion-parallax-none nonhundred-percent-fullwidth non-hundred-percent-height-scrolling fusion-equal-height-columns lazyload\" style=\"background-color: #060607;background-image:linear-gradient(90deg, rgba(6,6,7,0.66) 45%,rgba(6,6,7,0) 75%);background-position: center center;background-repeat: no-repeat;padding-top:250px;padding-right:0px;padding-bottom:0%;padding-left:0px;margin-bottom: 0px;margin-top: 0px;border-width: 0px 0px 0px 0px;border-color:#eae9e9;border-style:solid;-webkit-background-size:cover;-moz-background-size:cover;-o-background-size:cover;background-size:cover;\" data-bg=\"https:\/\/preuniversitarionewton.com\/new\/wp-content\/uploads\/2020\/04\/posgrados-cursos-preuniversitario-newton_3.jpg\" data-bg-gradient=\"linear-gradient(90deg, rgba(6,6,7,0.66) 45%,rgba(6,6,7,0) 75%)\" ><div class=\"fusion-builder-row fusion-row\"><div class=\"fusion-layout-column fusion_builder_column fusion-builder-column-0 fusion_builder_column_3_4 3_4 fusion-three-fourth fusion-column-first fusion-animated\" style=\"width:75%;width:calc(75% - ( ( 4% ) * 0.75 ) );margin-right: 4%;margin-top:0px;margin-bottom:0px;\" data-animationType=\"fadeInDown\" data-animationDuration=\"0.8\" data-animationOffset=\"top-into-view\"><div class=\"fusion-column-wrapper fusion-flex-column-wrapper-legacy\" style=\"background-position:left top;background-repeat:no-repeat;-webkit-background-size:cover;-moz-background-size:cover;-o-background-size:cover;background-size:cover;padding: 0px 0px 0px 0px;\"><div class=\"fusion-sep-clear\"><\/div><div class=\"fusion-separator fusion-no-large-visibility fusion-full-width-sep\" style=\"margin-left: auto;margin-right: auto;margin-bottom:30px;width:100%;\"><\/div><div class=\"fusion-sep-clear\"><\/div><style type=\"text\/css\">@media only screen and (max-width:1150px) {.fusion-title.fusion-title-1{margin-top:!important;margin-bottom:2%!important;}}<\/style><div class=\"fusion-title title fusion-title-1 fusion-sep-none fusion-title-text fusion-title-size-one\" style=\"font-size:27px;margin-top:0px;margin-right:0px;margin-bottom:2%;margin-left:0px;\"><h1 class=\"title-heading-left fusion-responsive-typography-calculated\" style=\"margin:0;font-size:1em;color:#f6c800;--fontSize:27;line-height:1.2;\">Nivelaci\u00f3n presencial y virtual<\/h1><\/div><style type=\"text\/css\">@media only screen and (max-width:1150px) {.fusion-title.fusion-title-2{margin-top:!important;margin-bottom:10px!important;}}<\/style><div class=\"fusion-title title fusion-title-2 fusion-sep-none fusion-title-text fusion-title-size-two\" style=\"font-size:66px;margin-top:0px;margin-right:0px;margin-bottom:2%;margin-left:0px;\"><h2 class=\"title-heading-left fusion-responsive-typography-calculated\" style=\"margin:0;font-size:1em;color:#ffffff;--fontSize:66;line-height:1;\">Cuso de preparaci\u00f3n<\/h2><\/div><div class=\"fusion-sep-clear\"><\/div><div class=\"fusion-separator fusion-full-width-sep\" style=\"margin-left: auto;margin-right: auto;width:100%;\"><\/div><div class=\"fusion-sep-clear\"><\/div><div class=\"fusion-sep-clear\"><\/div><div class=\"fusion-separator fusion-full-width-sep\" style=\"margin-left: auto;margin-right: auto;margin-top:20px;margin-bottom:0px;width:100%;\"><\/div><div class=\"fusion-sep-clear\"><\/div><div class=\"fusion-sep-clear\"><\/div><div class=\"fusion-separator fusion-no-large-visibility fusion-full-width-sep\" style=\"margin-left: auto;margin-right: auto;margin-bottom:4%;width:100%;\"><\/div><div class=\"fusion-sep-clear\"><\/div><div class=\"fusion-sep-clear\"><\/div><div class=\"fusion-separator fusion-no-large-visibility fusion-full-width-sep\" style=\"margin-left: auto;margin-right: auto;margin-bottom:8%;width:100%;\"><\/div><div class=\"fusion-sep-clear\"><\/div><div class=\"fusion-clearfix\"><\/div><\/div><\/div><\/div><\/div><div class=\"fusion-fullwidth fullwidth-box fusion-builder-row-2 nonhundred-percent-fullwidth non-hundred-percent-height-scrolling\" style=\"background-color: rgba(255,255,255,0);background-position: center center;background-repeat: no-repeat;padding-top:0%;padding-right:0px;padding-bottom:0%;padding-left:0px;margin-bottom: 0px;margin-top: 58px;border-width: 0px 0px 0px 0px;border-color:#eae9e9;border-style:solid;\" ><div class=\"fusion-builder-row fusion-row\"><div class=\"fusion-layout-column fusion_builder_column fusion-builder-column-1 fusion_builder_column_1_2 1_2 fusion-one-half fusion-column-first fusion-animated\" style=\"width:50%;width:calc(50% - ( ( 10% ) * 0.5 ) );margin-right: 10%;margin-top:0px;margin-bottom:0px;\" data-animationType=\"fadeInDown\" data-animationDuration=\"0.8\" data-animationOffset=\"top-into-view\"><div class=\"fusion-column-wrapper fusion-flex-column-wrapper-legacy\" style=\"background-position:left top;background-repeat:no-repeat;-webkit-background-size:cover;-moz-background-size:cover;-o-background-size:cover;background-size:cover;padding: 0px 0% 0% 0%;\"><style type=\"text\/css\"><\/style><div class=\"fusion-title title fusion-title-3 fusion-sep-none fusion-title-text fusion-title-size-four\" style=\"font-size:42px;margin-top:0px;margin-right:0px;margin-bottom:0px;margin-left:0px;\"><h4 class=\"title-heading-left fusion-responsive-typography-calculated\" style=\"margin:0;font-size:1em;--fontSize:42;line-height:1.2;\">College Board USFQ<\/h4><\/div><div class=\"fusion-sep-clear\"><\/div><div class=\"fusion-separator fusion-full-width-sep\" style=\"margin-left: auto;margin-right: auto;margin-bottom:15px;width:100%;\"><\/div><div class=\"fusion-sep-clear\"><\/div><div class=\"fusion-clearfix\"><\/div><\/div><\/div><div class=\"fusion-layout-column fusion_builder_column fusion-builder-column-2 fusion_builder_column_1_2 1_2 fusion-one-half fusion-column-last fusion-animated\" style=\"width:50%;width:calc(50% - ( ( 10% ) * 0.5 ) );margin-top:0px;margin-bottom:0px;\" data-animationType=\"fadeInDown\" data-animationDuration=\"0.8\" data-animationOffset=\"top-into-view\"><div class=\"fusion-column-wrapper fusion-flex-column-wrapper-legacy\" style=\"background-position:left top;background-repeat:no-repeat;-webkit-background-size:cover;-moz-background-size:cover;-o-background-size:cover;background-size:cover;padding: 0px 0% 7% 0%;\"><div class=\"fusion-sep-clear\"><\/div><div class=\"fusion-separator fusion-full-width-sep\" style=\"margin-left: auto;margin-right: auto;margin-bottom:2%;width:100%;\"><\/div><div class=\"fusion-sep-clear\"><\/div><div class=\"fusion-sep-clear\"><\/div><div class=\"fusion-separator fusion-full-width-sep\" style=\"margin-left: auto;margin-right: auto;margin-bottom:15px;width:100%;\"><\/div><div class=\"fusion-sep-clear\"><\/div><div class=\"fusion-button-wrapper\"><style type=\"text\/css\">.fusion-button.button-1 .fusion-button-text, .fusion-button.button-1 i {color:#004293;}.fusion-button.button-1 .fusion-button-icon-divider{border-color:#004293;}.fusion-button.button-1:hover .fusion-button-text, .fusion-button.button-1:hover i,.fusion-button.button-1:focus .fusion-button-text, .fusion-button.button-1:focus i,.fusion-button.button-1:active .fusion-button-text, .fusion-button.button-1:active{color:#ffffff;}.fusion-button.button-1:hover .fusion-button-icon-divider, .fusion-button.button-1:hover .fusion-button-icon-divider, .fusion-button.button-1:active .fusion-button-icon-divider{border-color:#ffffff;}.fusion-button.button-1:hover, .fusion-button.button-1:focus, .fusion-button.button-1:active{border-color:rgba(255,255,255,0);}.fusion-button.button-1 {border-color:rgba(255,255,255,0);border-radius:40px;}.fusion-button.button-1{background: #f6c800;}.fusion-button.button-1:hover,.button-1:focus,.fusion-button.button-1:active{background: #ff000c;}<\/style><a class=\"fusion-button button-flat button-xlarge button-custom button-1 fusion-button-default-span fusion-button-default-type\" target=\"_blank\" rel=\"noopener noreferrer\" href=\"https:\/\/api.whatsapp.com\/send?phone=593995500003&amp;text=Hola%20deseo%20m%C3%A1s%20informaci%C3%B3n%20sobre%20el%20curso%20de%20preparaci%C3%B3n%20para%20el%20COLLEGE BOARD USFQ.\"><span class=\"fusion-button-text\">Resuelve todas tus dudas<\/span><i class=\"fa-arrow-right fas button-icon-right\" aria-hidden=\"true\"><\/i><\/a><\/div><div class=\"fusion-clearfix\"><\/div><\/div><\/div><div class=\"fusion-layout-column fusion_builder_column fusion-builder-column-3 fusion_builder_column_1_1 1_1 fusion-one-full fusion-column-first fusion-column-last fusion-animated\" style=\"margin-top:0px;margin-bottom:0px;\" data-animationType=\"fadeInDown\" data-animationDuration=\"0.8\" data-animationOffset=\"top-into-view\"><div class=\"fusion-column-wrapper fusion-flex-column-wrapper-legacy\" style=\"background-position:left top;background-repeat:no-repeat;-webkit-background-size:cover;-moz-background-size:cover;-o-background-size:cover;background-size:cover;padding: 0px 0% 0% 0%;\"><div class=\"fusion-text fusion-text-1 fusion-text-split-columns fusion-text-columns-2\" style=\" -webkit-column-count:2; -webkit-column-gap:2em; -webkit-column-width:450px; -moz-column-count:2; -moz-column-gap:2em; -moz-column-width:450px; column-count:2; column-gap:2em; column-width:450px;\"><p>La Universidad San Francisco de Quito USFQ es una instituci\u00f3n de educaci\u00f3n superior particular y sin fines de lucro dedicada a formar, educar, investigar y servir a la comunidad dentro de la filosof\u00eda de las Artes Liberales, incorporando a todos los sectores de la sociedad, bajo los principios de equidad de g\u00e9nero, inclusi\u00f3n social e igualdad de oportunidades, que busca formar l\u00edderes, personas libres de condicionamientos, cultas, innovadoras, creativas y emprendedoras.<\/p>\n<p>La Universidad San Francisco de Quito USFQ busca la formaci\u00f3n de la persona, adem\u00e1s de educarla e instruirla, con el prop\u00f3sito de que aprenda a ser el promotor de su proyecto vital y dise\u00f1e su mapa de vida. Busca el balance entre la sabidur\u00eda y el conocimiento en la formaci\u00f3n de la persona.<\/p>\n<h4><strong>\u00bb\u00a0<\/strong><strong>Enfocado a:<\/strong><\/h4>\n<p>Estudiantes del profesionales con t\u00edtulo de tercer nivel y desean realizar su carrera de posgrado en la Universidad San Francisco de Quito.<\/p>\n<h4><strong>\u00bb\u00a0<\/strong><strong>Detalle de estudios:<\/strong><\/h4>\n<p><strong>Clases Particulares (individual)<\/strong><\/p>\n<ul>\n<li>Las clases se dictar\u00e1n en forma individual en la modalidad presencial con el af\u00e1n de dotar al estudiante de todos los conocimientos, habilidades y t\u00e9cnicas necesarias para superar con \u00e9xito las pruebas de ingreso.<\/li>\n<li>Los profesores se enfocar\u00e1n en cada \u00e1rea del conocimiento de forma personalizada aplicando el mejor sistema pedag\u00f3gico apto para el estudiante.<\/li>\n<\/ul>\n<p><strong>Curso (grupal)<\/strong><\/p>\n<ul>\n<li>Los estudiantes asistir\u00e1n en la modalidad presencial, de forma grupal, en aulas de m\u00e1ximo 15 estudiantes.<\/li>\n<li>Los profesores dictar\u00e1n su catedra, y se dar\u00e1 espacio para la retroalimentaci\u00f3n grupal.<\/li>\n<\/ul>\n<h4><strong>\u00bb\u00a0<\/strong><strong>Temario:<\/strong><\/h4>\n<p>Evaluaci\u00f3n de aptitudes y destrezas de razonamiento en matem\u00e1ticas, redacci\u00f3n indirecta y aptitud verbal. Cada uno de estos tres componentes es valorado sobre un m\u00e1ximo de 800 puntos lo que significa que el valor m\u00e1ximo es de 2400 puntos. El requisito general de admisi\u00f3n es obtener un puntaje m\u00ednimo de 1500 en el PAA, aunque pueden aplicarse otros puntajes m\u00ednimos para ciertas carreras.<\/p>\n<p>Por tanto los t\u00f3picos a capacitaci\u00f3n son:<br \/>\n\u2022\u00a0\u00a0 \u00a0Razonamiento Verbal<br \/>\n\u2022\u00a0\u00a0 \u00a0Razonamiento L\u00f3gico<br \/>\n\u2022\u00a0\u00a0 \u00a0Razonamiento Matem\u00e1tico<br \/>\n\u2022\u00a0\u00a0 \u00a0Razonamiento Abstracto y espacial<\/p>\n<h4><strong>\u00bb\u00a0<\/strong><strong>Horario:<\/strong><\/h4>\n<p>Clases particulares: A elegir de\u00a0<strong>lunes a viernes de 08:00 a 19:00<\/strong>\u00a0y\u00a0<strong>s\u00e1bado y domingo de 08:00 a 17:00<\/strong>. Las clases se programar\u00e1n en funci\u00f3n de la disponibilidad del estudiante y del Preuniversitario Newton.<\/p>\n<p>Curso: A elegir de\u00a0<strong>lunes a viernes o de fin de semana<\/strong>, nuestros cursos son dictados en horarios matutino y vespertino, pueden ser regulares o intensivos y la carga horaria depender\u00e1 de la fecha establecida por la USFQ para rendir el examen.<\/p>\n<h4><strong>\u00bb\u00a0<\/strong><strong>Material did\u00e1ctico y recursos:<\/strong><\/h4>\n<p>Los estudiantes recibir\u00e1n folletos y paquete de ejercicios con el fin de fortalecer los conocimientos adquiridos en nuestras aulas. De la misma forma se evaluara el progreso mediante pruebas modelo de ingreso, tanto aptitudinal como de conocimientos.<\/p>\n<\/div><div class=\"fusion-sep-clear\"><\/div><div class=\"fusion-separator fusion-full-width-sep\" style=\"margin-left: auto;margin-right: auto;margin-bottom:2%;width:100%;\"><\/div><div class=\"fusion-sep-clear\"><\/div><div class=\"fusion-sep-clear\"><\/div><div class=\"fusion-separator fusion-full-width-sep\" style=\"margin-left: auto;margin-right: auto;margin-bottom:15px;width:100%;\"><\/div><div class=\"fusion-sep-clear\"><\/div><div class=\"fusion-clearfix\"><\/div><\/div><\/div><div class=\"fusion-layout-column fusion_builder_column fusion-builder-column-4 fusion_builder_column_1_6 1_6 fusion-one-sixth fusion-column-first fusion-animated\" style=\"width:16.666666666667%;width:calc(16.666666666667% - ( ( 10% ) * 0.16666666666667 ) );margin-right: 10%;margin-top:0px;margin-bottom:0px;\" data-animationType=\"fadeInDown\" data-animationDuration=\"0.8\" data-animationOffset=\"top-into-view\"><div class=\"fusion-column-wrapper fusion-flex-column-wrapper-legacy\" style=\"background-position:left top;background-repeat:no-repeat;-webkit-background-size:cover;-moz-background-size:cover;-o-background-size:cover;background-size:cover;padding: 0px 0% 7% 0%;\"><div class=\"fusion-sep-clear\"><\/div><div class=\"fusion-separator fusion-full-width-sep\" style=\"margin-left: auto;margin-right: auto;margin-bottom:2%;width:100%;\"><\/div><div class=\"fusion-sep-clear\"><\/div><div class=\"fusion-sep-clear\"><\/div><div class=\"fusion-separator fusion-full-width-sep\" style=\"margin-left: auto;margin-right: auto;margin-bottom:15px;width:100%;\"><\/div><div class=\"fusion-sep-clear\"><\/div><div class=\"fusion-clearfix\"><\/div><\/div><\/div><\/div><\/div><\/p>\n","protected":false},"excerpt":{"rendered":"","protected":false},"author":1,"featured_media":0,"parent":10,"menu_order":0,"comment_status":"closed","ping_status":"closed","template":"100-width.php","meta":{"footnotes":""},"class_list":["post-3087","page","type-page","status-publish","hentry"],"_links":{"self":[{"href":"https:\/\/preuniversitarionewton.com\/new\/wp-json\/wp\/v2\/pages\/3087","targetHints":{"allow":["GET"]}}],"collection":[{"href":"https:\/\/preuniversitarionewton.com\/new\/wp-json\/wp\/v2\/pages"}],"about":[{"href":"https:\/\/preuniversitarionewton.com\/new\/wp-json\/wp\/v2\/types\/page"}],"author":[{"embeddable":true,"href":"https:\/\/preuniversitarionewton.com\/new\/wp-json\/wp\/v2\/users\/1"}],"replies":[{"embeddable":true,"href":"https:\/\/preuniversitarionewton.com\/new\/wp-json\/wp\/v2\/comments?post=3087"}],"version-history":[{"count":6,"href":"https:\/\/preuniversitarionewton.com\/new\/wp-json\/wp\/v2\/pages\/3087\/revisions"}],"predecessor-version":[{"id":3906,"href":"https:\/\/preuniversitarionewton.com\/new\/wp-json\/wp\/v2\/pages\/3087\/revisions\/3906"}],"up":[{"embeddable":true,"href":"https:\/\/preuniversitarionewton.com\/new\/wp-json\/wp\/v2\/pages\/10"}],"wp:attachment":[{"href":"https:\/\/preuniversitarionewton.com\/new\/wp-json\/wp\/v2\/media?parent=3087"}],"curies":[{"name":"wp","href":"https:\/\/api.w.org\/{rel}","templated":true}]}}