{"id":3084,"date":"2020-04-03T13:35:23","date_gmt":"2020-04-03T13:35:23","guid":{"rendered":"https:\/\/preuniversitarionewton.com\/new\/?page_id=3084"},"modified":"2021-09-01T12:10:16","modified_gmt":"2021-09-01T17:10:16","slug":"gmat","status":"publish","type":"page","link":"https:\/\/preuniversitarionewton.com\/new\/posgrados\/gmat\/","title":{"rendered":"GMAT"},"content":{"rendered":"<p><div class=\"fusion-fullwidth fullwidth-box fusion-builder-row-1 fusion-parallax-none nonhundred-percent-fullwidth non-hundred-percent-height-scrolling fusion-equal-height-columns lazyload\" style=\"background-color: #060607;background-image:linear-gradient(90deg, rgba(6,6,7,0.66) 45%,rgba(6,6,7,0) 75%);background-position: center center;background-repeat: no-repeat;padding-top:250px;padding-right:0px;padding-bottom:0%;padding-left:0px;margin-bottom: 0px;margin-top: 0px;border-width: 0px 0px 0px 0px;border-color:#eae9e9;border-style:solid;-webkit-background-size:cover;-moz-background-size:cover;-o-background-size:cover;background-size:cover;\" data-bg=\"https:\/\/preuniversitarionewton.com\/new\/wp-content\/uploads\/2020\/04\/posgrados-cursos-preuniversitario-newton_3.jpg\" data-bg-gradient=\"linear-gradient(90deg, rgba(6,6,7,0.66) 45%,rgba(6,6,7,0) 75%)\" ><div class=\"fusion-builder-row fusion-row\"><div class=\"fusion-layout-column fusion_builder_column fusion-builder-column-0 fusion_builder_column_3_4 3_4 fusion-three-fourth fusion-column-first fusion-animated\" style=\"width:75%;width:calc(75% - ( ( 4% ) * 0.75 ) );margin-right: 4%;margin-top:0px;margin-bottom:0px;\" data-animationType=\"fadeInDown\" data-animationDuration=\"0.8\" data-animationOffset=\"top-into-view\"><div class=\"fusion-column-wrapper fusion-flex-column-wrapper-legacy\" style=\"background-position:left top;background-repeat:no-repeat;-webkit-background-size:cover;-moz-background-size:cover;-o-background-size:cover;background-size:cover;padding: 0px 0px 0px 0px;\"><div class=\"fusion-sep-clear\"><\/div><div class=\"fusion-separator fusion-no-large-visibility fusion-full-width-sep\" style=\"margin-left: auto;margin-right: auto;margin-bottom:30px;width:100%;\"><\/div><div class=\"fusion-sep-clear\"><\/div><style type=\"text\/css\">@media only screen and (max-width:1150px) {.fusion-title.fusion-title-1{margin-top:!important;margin-bottom:2%!important;}}<\/style><div class=\"fusion-title title fusion-title-1 fusion-sep-none fusion-title-text fusion-title-size-one\" style=\"font-size:27px;margin-top:0px;margin-right:0px;margin-bottom:2%;margin-left:0px;\"><h1 class=\"title-heading-left fusion-responsive-typography-calculated\" style=\"margin:0;font-size:1em;color:#f6c800;--fontSize:27;line-height:1.2;\">Nivelaci\u00f3n presencial y virtual<\/h1><\/div><style type=\"text\/css\">@media only screen and (max-width:1150px) {.fusion-title.fusion-title-2{margin-top:!important;margin-bottom:10px!important;}}<\/style><div class=\"fusion-title title fusion-title-2 fusion-sep-none fusion-title-text fusion-title-size-two\" style=\"font-size:66px;margin-top:0px;margin-right:0px;margin-bottom:2%;margin-left:0px;\"><h2 class=\"title-heading-left fusion-responsive-typography-calculated\" style=\"margin:0;font-size:1em;color:#ffffff;--fontSize:66;line-height:1;\">Curso de preparaci\u00f3n<\/h2><\/div><div class=\"fusion-sep-clear\"><\/div><div class=\"fusion-separator fusion-full-width-sep\" style=\"margin-left: auto;margin-right: auto;width:100%;\"><\/div><div class=\"fusion-sep-clear\"><\/div><div class=\"fusion-sep-clear\"><\/div><div class=\"fusion-separator fusion-full-width-sep\" style=\"margin-left: auto;margin-right: auto;margin-top:20px;margin-bottom:0px;width:100%;\"><\/div><div class=\"fusion-sep-clear\"><\/div><div class=\"fusion-sep-clear\"><\/div><div class=\"fusion-separator fusion-no-large-visibility fusion-full-width-sep\" style=\"margin-left: auto;margin-right: auto;margin-bottom:4%;width:100%;\"><\/div><div class=\"fusion-sep-clear\"><\/div><div class=\"fusion-sep-clear\"><\/div><div class=\"fusion-separator fusion-no-large-visibility fusion-full-width-sep\" style=\"margin-left: auto;margin-right: auto;margin-bottom:8%;width:100%;\"><\/div><div class=\"fusion-sep-clear\"><\/div><div class=\"fusion-clearfix\"><\/div><\/div><\/div><\/div><\/div><div class=\"fusion-fullwidth fullwidth-box fusion-builder-row-2 nonhundred-percent-fullwidth non-hundred-percent-height-scrolling\" style=\"background-color: rgba(255,255,255,0);background-position: center center;background-repeat: no-repeat;padding-top:85px;padding-right:0px;padding-bottom:0px;padding-left:0px;margin-bottom: 0px;margin-top: 0px;border-width: 0px 0px 0px 0px;border-color:#eae9e9;border-style:solid;\" ><div class=\"fusion-builder-row fusion-row\"><div class=\"fusion-layout-column fusion_builder_column fusion-builder-column-1 fusion_builder_column_1_2 1_2 fusion-one-half fusion-column-first fusion-animated\" style=\"width:50%;width:calc(50% - ( ( 10% ) * 0.5 ) );margin-right: 10%;margin-top:0px;margin-bottom:0px;\" data-animationType=\"fadeInDown\" data-animationDuration=\"0.8\" data-animationOffset=\"top-into-view\"><div class=\"fusion-column-wrapper fusion-flex-column-wrapper-legacy\" style=\"background-position:left top;background-repeat:no-repeat;-webkit-background-size:cover;-moz-background-size:cover;-o-background-size:cover;background-size:cover;padding: 0px 0% 0% 0%;\"><span class=\" fusion-imageframe imageframe-none imageframe-1 hover-type-none\" style=\"max-width:285px;\"><img decoding=\"async\" width=\"1371\" height=\"511\" title=\"curso_posgrado_GMAT_preuniversitario\" src=\"https:\/\/preuniversitarionewton.com\/new\/wp-content\/uploads\/2020\/04\/curso_posgrado_GMAT_preuniversitario.jpg\" data-orig-src=\"https:\/\/preuniversitarionewton.com\/new\/wp-content\/uploads\/2020\/04\/curso_posgrado_GMAT_preuniversitario.jpg\" class=\"lazyload img-responsive wp-image-3073\" srcset=\"data:image\/svg+xml,%3Csvg%20xmlns%3D%27http%3A%2F%2Fwww.w3.org%2F2000%2Fsvg%27%20width%3D%271371%27%20height%3D%27511%27%20viewBox%3D%270%200%201371%20511%27%3E%3Crect%20width%3D%271371%27%20height%3D%27511%27%20fill-opacity%3D%220%22%2F%3E%3C%2Fsvg%3E\" data-srcset=\"https:\/\/preuniversitarionewton.com\/new\/wp-content\/uploads\/2020\/04\/curso_posgrado_GMAT_preuniversitario-200x75.jpg 200w, https:\/\/preuniversitarionewton.com\/new\/wp-content\/uploads\/2020\/04\/curso_posgrado_GMAT_preuniversitario-400x149.jpg 400w, https:\/\/preuniversitarionewton.com\/new\/wp-content\/uploads\/2020\/04\/curso_posgrado_GMAT_preuniversitario-600x224.jpg 600w, https:\/\/preuniversitarionewton.com\/new\/wp-content\/uploads\/2020\/04\/curso_posgrado_GMAT_preuniversitario-800x298.jpg 800w, https:\/\/preuniversitarionewton.com\/new\/wp-content\/uploads\/2020\/04\/curso_posgrado_GMAT_preuniversitario-1200x447.jpg 1200w, https:\/\/preuniversitarionewton.com\/new\/wp-content\/uploads\/2020\/04\/curso_posgrado_GMAT_preuniversitario.jpg 1371w\" data-sizes=\"auto\" data-orig-sizes=\"(max-width: 1150px) 100vw, 600px\" \/><\/span><div class=\"fusion-sep-clear\"><\/div><div class=\"fusion-separator fusion-full-width-sep\" style=\"margin-left: auto;margin-right: auto;margin-bottom:2%;width:100%;\"><\/div><div class=\"fusion-sep-clear\"><\/div><div class=\"fusion-sep-clear\"><\/div><div class=\"fusion-separator fusion-full-width-sep\" style=\"margin-left: auto;margin-right: auto;margin-bottom:15px;width:100%;\"><\/div><div class=\"fusion-sep-clear\"><\/div><div class=\"fusion-clearfix\"><\/div><\/div><\/div><div class=\"fusion-layout-column fusion_builder_column fusion-builder-column-2 fusion_builder_column_1_2 1_2 fusion-one-half fusion-column-last fusion-animated\" style=\"width:50%;width:calc(50% - ( ( 10% ) * 0.5 ) );margin-top:0px;margin-bottom:0px;\" data-animationType=\"fadeInDown\" data-animationDuration=\"0.8\" data-animationOffset=\"top-into-view\"><div class=\"fusion-column-wrapper fusion-flex-column-wrapper-legacy\" style=\"background-position:left top;background-repeat:no-repeat;-webkit-background-size:cover;-moz-background-size:cover;-o-background-size:cover;background-size:cover;padding: 0px 0% 7% 0%;\"><div class=\"fusion-sep-clear\"><\/div><div class=\"fusion-separator fusion-full-width-sep\" style=\"margin-left: auto;margin-right: auto;margin-bottom:2%;width:100%;\"><\/div><div class=\"fusion-sep-clear\"><\/div><div class=\"fusion-sep-clear\"><\/div><div class=\"fusion-separator fusion-full-width-sep\" style=\"margin-left: auto;margin-right: auto;margin-bottom:15px;width:100%;\"><\/div><div class=\"fusion-sep-clear\"><\/div><div class=\"fusion-button-wrapper\"><style type=\"text\/css\">.fusion-button.button-1 .fusion-button-text, .fusion-button.button-1 i {color:#004293;}.fusion-button.button-1 .fusion-button-icon-divider{border-color:#004293;}.fusion-button.button-1:hover .fusion-button-text, .fusion-button.button-1:hover i,.fusion-button.button-1:focus .fusion-button-text, .fusion-button.button-1:focus i,.fusion-button.button-1:active .fusion-button-text, .fusion-button.button-1:active{color:#ffffff;}.fusion-button.button-1:hover .fusion-button-icon-divider, .fusion-button.button-1:hover .fusion-button-icon-divider, .fusion-button.button-1:active .fusion-button-icon-divider{border-color:#ffffff;}.fusion-button.button-1:hover, .fusion-button.button-1:focus, .fusion-button.button-1:active{border-color:rgba(255,255,255,0);}.fusion-button.button-1 {border-color:rgba(255,255,255,0);border-radius:40px;}.fusion-button.button-1{background: #f6c800;}.fusion-button.button-1:hover,.button-1:focus,.fusion-button.button-1:active{background: #ff000c;}<\/style><a class=\"fusion-button button-flat button-xlarge button-custom button-1 fusion-button-default-span fusion-button-default-type\" target=\"_blank\" rel=\"noopener noreferrer\" href=\"https:\/\/api.whatsapp.com\/send?phone=593995500003&amp;text=Hola%20deseo%20m%C3%A1s%20informaci%C3%B3n%20sobre%20el%20curso%20de%20preparaci%C3%B3n%20para%20el%20GMAT.\"><span class=\"fusion-button-text\">Resuelve todas tus dudas<\/span><i class=\"fa-arrow-right fas button-icon-right\" aria-hidden=\"true\"><\/i><\/a><\/div><div class=\"fusion-clearfix\"><\/div><\/div><\/div><div class=\"fusion-layout-column fusion_builder_column fusion-builder-column-3 fusion_builder_column_1_1 1_1 fusion-one-full fusion-column-first fusion-column-last fusion-animated\" style=\"margin-top:0px;margin-bottom:0px;\" data-animationType=\"fadeInDown\" data-animationDuration=\"0.8\" data-animationOffset=\"top-into-view\"><div class=\"fusion-column-wrapper fusion-flex-column-wrapper-legacy\" style=\"background-position:left top;background-repeat:no-repeat;-webkit-background-size:cover;-moz-background-size:cover;-o-background-size:cover;background-size:cover;padding: 0px 0% 7% 0%;\"><div class=\"fusion-text fusion-text-1 fusion-text-split-columns fusion-text-columns-2\" style=\" -webkit-column-count:2; -webkit-column-gap:2em; -webkit-column-width:450px; -moz-column-count:2; -moz-column-gap:2em; -moz-column-width:450px; column-count:2; column-gap:2em; column-width:450px;\"><p>El Graduate Management Admission Test (GMAT) es un examen estandarizado y adaptativo que mide la capacidad matem\u00e1tica y verbal del candidato para tener \u00e9xito acad\u00e9mico en los estudios de posgrado en negocios (MBA).<\/p>\n<p><strong>\u00bb\u00a0Enfocado a:<\/strong><\/p>\n<p>Candidatos a estudios de posgrados en negocios (MBA). Las escuelas de negocios suelen utilizar esta prueba como uno de los criterios m\u00e1s importantes de selecci\u00f3n para la admisi\u00f3n en sus programas de posgrado en administraci\u00f3n de empresas (por ejemplo, MBA, Executive MBA, PhD, etc).<\/p>\n<p><strong>\u00bb\u00a0Detalle de estudios:<\/strong><\/p>\n<p><strong>Clases Particulares (individual)<\/strong><\/p>\n<ul>\n<li>Las clases se dictar\u00e1n en forma individual en la modalidad presencial con el af\u00e1n de dotar al estudiante de todos los conocimientos, habilidades y t\u00e9cnicas necesarias para superar con \u00e9xito las pruebas de ingreso.<\/li>\n<li>Los profesores se enfocar\u00e1n en cada \u00e1rea del conocimiento de forma personalizada aplicando el mejor sistema pedag\u00f3gico apto para el estudiante.<\/li>\n<\/ul>\n<p><strong>Curso (grupal)<\/strong><\/p>\n<ul>\n<li>Los estudiantes asistir\u00e1n en la modalidad presencial, de forma grupal, en aulas de m\u00e1ximo 15 estudiantes.<\/li>\n<li>Los profesores dictar\u00e1n su catedra, y se dar\u00e1 espacio para la retroalimentaci\u00f3n grupal.<\/li>\n<\/ul>\n<p><strong>\u00bb\u00a0Temario:<\/strong><\/p>\n<p>Incluye tres secciones: escritura anal\u00edtica, cuantitativa, y verbal bajo un esquema que se adapta al nivel de habilidad de cada individuo. Las preguntas se escogen de manera aleatoria de entre un conjunto grande de preguntas que se clasifican por contenido y dificultad.<\/p>\n<p><img decoding=\"async\" class=\"lazyload alignnone size-full wp-image-3075\" src=\"https:\/\/preuniversitarionewton.com\/new\/wp-content\/uploads\/2020\/04\/temario-gmat.jpg\" data-orig-src=\"https:\/\/preuniversitarionewton.com\/new\/wp-content\/uploads\/2020\/04\/temario-gmat.jpg\" alt=\"\" width=\"1000\" height=\"600\" srcset=\"data:image\/svg+xml,%3Csvg%20xmlns%3D%27http%3A%2F%2Fwww.w3.org%2F2000%2Fsvg%27%20width%3D%271000%27%20height%3D%27600%27%20viewBox%3D%270%200%201000%20600%27%3E%3Crect%20width%3D%271000%27%20height%3D%27600%27%20fill-opacity%3D%220%22%2F%3E%3C%2Fsvg%3E\" data-srcset=\"https:\/\/preuniversitarionewton.com\/new\/wp-content\/uploads\/2020\/04\/temario-gmat-200x120.jpg 200w, https:\/\/preuniversitarionewton.com\/new\/wp-content\/uploads\/2020\/04\/temario-gmat-300x180.jpg 300w, https:\/\/preuniversitarionewton.com\/new\/wp-content\/uploads\/2020\/04\/temario-gmat-400x240.jpg 400w, https:\/\/preuniversitarionewton.com\/new\/wp-content\/uploads\/2020\/04\/temario-gmat-600x360.jpg 600w, https:\/\/preuniversitarionewton.com\/new\/wp-content\/uploads\/2020\/04\/temario-gmat-768x461.jpg 768w, https:\/\/preuniversitarionewton.com\/new\/wp-content\/uploads\/2020\/04\/temario-gmat-800x480.jpg 800w, https:\/\/preuniversitarionewton.com\/new\/wp-content\/uploads\/2020\/04\/temario-gmat.jpg 1000w\" data-sizes=\"auto\" data-orig-sizes=\"(max-width: 1000px) 100vw, 1000px\" \/><\/p>\n<p>Las secciones verbal y cuantitativa se califican entre 0 y 60 puntos, aunque son raros los resultados bajo 10 y mayores a 46. Estas notas est\u00e1n en una escala fija y pueden compararse con cualquier examen GMAT. Las notas verbal y cuantitativa miden distintos conceptos y no son comparables entre si. El puntaje total del GMAT va de 200 a 800 puntos.<\/p>\n<p>El puntaje de la secci\u00f3n de escritura anal\u00edtica es el promedio de los resultados de ambos ensayos. El resultado se califica entre 0 y 6 puntos. Los resultados de la secci\u00f3n de escritura no se computan como parte del puntaje total del examen. Sin embargo, viene reportado en los resultados.<\/p>\n<p>En la mayor\u00eda de las m\u00e1s destacadas\u00a0escuelas de negocios\u00a0que se indican en las revistas de negocios y servicios de evaluaci\u00f3n de escuelas, las puntuaciones promedian valores en el rango 650 puntos a 740 puntos. Ejemplos:<\/p>\n<ul>\n<li>Stanford: 730<\/li>\n<li>Harvard: 724<\/li>\n<li>Chicago Booth: 721<\/li>\n<li>Wharton: 718<\/li>\n<li>Tuck: 716<\/li>\n<li>Columbia: 716<\/li>\n<li>Kellogg: 715<\/li>\n<li>INSEAD: 704<\/li>\n<li>London Business School: 700<\/li>\n<li>IE: 680<\/li>\n<li>IESE: 680<\/li>\n<li>ESADE: 670<\/li>\n<li>Warwick Business School: 645<\/li>\n<\/ul>\n<p><strong>\u00bb\u00a0Horario:<\/strong><\/p>\n<ul>\n<li>Clases particulares: A elegir de lunes a viernes de 08:00 a 19:00 y s\u00e1bado y domingo de 08:00 a 17:00. Las clases se programar\u00e1n en funci\u00f3n de la disponibilidad del estudiante y del Preuniversitario Newton.<\/li>\n<li>Curso: A elegir de lunes a viernes o de fin de semana, nuestros cursos son dictados en horarios matutino y vespertino, pueden ser regulares o intensivos y la carga horaria depender\u00e1 de la fecha establecida por el SNNA para rendir el examen.<\/li>\n<\/ul>\n<p><strong>\u00bb\u00a0Material did\u00e1ctico y recursos:<\/strong><\/p>\n<p>Los estudiantes recibir\u00e1n un libro gu\u00eda y un paquete de ejercicios con el fin de fortalecer los conocimientos adquiridos en nuestras aulas. De la misma forma se evaluar\u00e1 el progreso mediante pruebas modelo que eval\u00faan las distintas \u00e1reas del examen.<\/p>\n<p><strong>Para informaci\u00f3n general, para encontrar datos espec\u00edficos sobre fechas, cupos disponibles, centros de administraci\u00f3n del examen, para registrarse y pagar por el examen visite<a href=\"http:\/\/www.mba.com\/\">www.mba.com<\/a><\/strong><\/p>\n<p><strong>Validez de resultados:<\/strong>\u00a05 a\u00f1os<\/p>\n<\/div><div class=\"fusion-sep-clear\"><\/div><div class=\"fusion-separator fusion-full-width-sep\" style=\"margin-left: auto;margin-right: auto;margin-bottom:2%;width:100%;\"><\/div><div class=\"fusion-sep-clear\"><\/div><div class=\"fusion-sep-clear\"><\/div><div class=\"fusion-separator fusion-full-width-sep\" style=\"margin-left: auto;margin-right: auto;margin-bottom:15px;width:100%;\"><\/div><div class=\"fusion-sep-clear\"><\/div><div class=\"fusion-clearfix\"><\/div><\/div><\/div><div class=\"fusion-layout-column fusion_builder_column fusion-builder-column-4 fusion_builder_column_1_6 1_6 fusion-one-sixth fusion-column-first fusion-animated\" style=\"width:16.666666666667%;width:calc(16.666666666667% - ( ( 10% ) * 0.16666666666667 ) );margin-right: 10%;margin-top:0px;margin-bottom:0px;\" data-animationType=\"fadeInDown\" data-animationDuration=\"0.8\" data-animationOffset=\"top-into-view\"><div class=\"fusion-column-wrapper fusion-flex-column-wrapper-legacy\" style=\"background-position:left top;background-repeat:no-repeat;-webkit-background-size:cover;-moz-background-size:cover;-o-background-size:cover;background-size:cover;padding: 0px 0% 7% 0%;\"><div class=\"fusion-sep-clear\"><\/div><div class=\"fusion-separator fusion-full-width-sep\" style=\"margin-left: auto;margin-right: auto;margin-bottom:2%;width:100%;\"><\/div><div class=\"fusion-sep-clear\"><\/div><div class=\"fusion-sep-clear\"><\/div><div class=\"fusion-separator fusion-full-width-sep\" style=\"margin-left: auto;margin-right: auto;margin-bottom:15px;width:100%;\"><\/div><div class=\"fusion-sep-clear\"><\/div><div class=\"fusion-clearfix\"><\/div><\/div><\/div><\/div><\/div><\/p>\n","protected":false},"excerpt":{"rendered":"","protected":false},"author":1,"featured_media":0,"parent":10,"menu_order":0,"comment_status":"closed","ping_status":"closed","template":"100-width.php","meta":{"footnotes":""},"class_list":["post-3084","page","type-page","status-publish","hentry"],"_links":{"self":[{"href":"https:\/\/preuniversitarionewton.com\/new\/wp-json\/wp\/v2\/pages\/3084","targetHints":{"allow":["GET"]}}],"collection":[{"href":"https:\/\/preuniversitarionewton.com\/new\/wp-json\/wp\/v2\/pages"}],"about":[{"href":"https:\/\/preuniversitarionewton.com\/new\/wp-json\/wp\/v2\/types\/page"}],"author":[{"embeddable":true,"href":"https:\/\/preuniversitarionewton.com\/new\/wp-json\/wp\/v2\/users\/1"}],"replies":[{"embeddable":true,"href":"https:\/\/preuniversitarionewton.com\/new\/wp-json\/wp\/v2\/comments?post=3084"}],"version-history":[{"count":6,"href":"https:\/\/preuniversitarionewton.com\/new\/wp-json\/wp\/v2\/pages\/3084\/revisions"}],"predecessor-version":[{"id":3905,"href":"https:\/\/preuniversitarionewton.com\/new\/wp-json\/wp\/v2\/pages\/3084\/revisions\/3905"}],"up":[{"embeddable":true,"href":"https:\/\/preuniversitarionewton.com\/new\/wp-json\/wp\/v2\/pages\/10"}],"wp:attachment":[{"href":"https:\/\/preuniversitarionewton.com\/new\/wp-json\/wp\/v2\/media?parent=3084"}],"curies":[{"name":"wp","href":"https:\/\/api.w.org\/{rel}","templated":true}]}}