{"id":3077,"date":"2020-04-03T13:24:28","date_gmt":"2020-04-03T13:24:28","guid":{"rendered":"https:\/\/preuniversitarionewton.com\/new\/?page_id=3077"},"modified":"2021-09-01T12:08:37","modified_gmt":"2021-09-01T17:08:37","slug":"curso-exadep","status":"publish","type":"page","link":"https:\/\/preuniversitarionewton.com\/new\/posgrados\/curso-exadep\/","title":{"rendered":"EXADEP"},"content":{"rendered":"<p><div class=\"fusion-fullwidth fullwidth-box fusion-builder-row-1 fusion-parallax-none nonhundred-percent-fullwidth non-hundred-percent-height-scrolling fusion-equal-height-columns lazyload\" style=\"background-color: #060607;background-image:linear-gradient(90deg, rgba(6,6,7,0.66) 45%,rgba(6,6,7,0) 75%);background-position: center center;background-repeat: no-repeat;padding-top:250px;padding-right:0px;padding-bottom:0%;padding-left:0px;margin-bottom: 0px;margin-top: 0px;border-width: 0px 0px 0px 0px;border-color:#eae9e9;border-style:solid;-webkit-background-size:cover;-moz-background-size:cover;-o-background-size:cover;background-size:cover;\" data-bg=\"https:\/\/preuniversitarionewton.com\/new\/wp-content\/uploads\/2020\/04\/posgrados-cursos-preuniversitario-newton_3.jpg\" data-bg-gradient=\"linear-gradient(90deg, rgba(6,6,7,0.66) 45%,rgba(6,6,7,0) 75%)\" ><div class=\"fusion-builder-row fusion-row\"><div class=\"fusion-layout-column fusion_builder_column fusion-builder-column-0 fusion_builder_column_3_4 3_4 fusion-three-fourth fusion-column-first fusion-animated\" style=\"width:75%;width:calc(75% - ( ( 4% ) * 0.75 ) );margin-right: 4%;margin-top:0px;margin-bottom:0px;\" data-animationType=\"fadeInDown\" data-animationDuration=\"0.8\" data-animationOffset=\"top-into-view\"><div class=\"fusion-column-wrapper fusion-flex-column-wrapper-legacy\" style=\"background-position:left top;background-repeat:no-repeat;-webkit-background-size:cover;-moz-background-size:cover;-o-background-size:cover;background-size:cover;padding: 0px 0px 0px 0px;\"><div class=\"fusion-sep-clear\"><\/div><div class=\"fusion-separator fusion-no-large-visibility fusion-full-width-sep\" style=\"margin-left: auto;margin-right: auto;margin-bottom:30px;width:100%;\"><\/div><div class=\"fusion-sep-clear\"><\/div><style type=\"text\/css\">@media only screen and (max-width:1150px) {.fusion-title.fusion-title-1{margin-top:!important;margin-bottom:2%!important;}}<\/style><div class=\"fusion-title title fusion-title-1 fusion-sep-none fusion-title-text fusion-title-size-one\" style=\"font-size:27px;margin-top:0px;margin-right:0px;margin-bottom:2%;margin-left:0px;\"><h1 class=\"title-heading-left fusion-responsive-typography-calculated\" style=\"margin:0;font-size:1em;color:#f6c800;--fontSize:27;line-height:1.2;\">Nivelaci\u00f3n presencial y virtual<\/h1><\/div><style type=\"text\/css\">@media only screen and (max-width:1150px) {.fusion-title.fusion-title-2{margin-top:!important;margin-bottom:10px!important;}}<\/style><div class=\"fusion-title title fusion-title-2 fusion-sep-none fusion-title-text fusion-title-size-two\" style=\"font-size:66px;margin-top:0px;margin-right:0px;margin-bottom:2%;margin-left:0px;\"><h2 class=\"title-heading-left fusion-responsive-typography-calculated\" style=\"margin:0;font-size:1em;color:#ffffff;--fontSize:66;line-height:1;\">Cuso de preparaci\u00f3n<\/h2><\/div><div class=\"fusion-sep-clear\"><\/div><div class=\"fusion-separator fusion-full-width-sep\" style=\"margin-left: auto;margin-right: auto;width:100%;\"><\/div><div class=\"fusion-sep-clear\"><\/div><div class=\"fusion-sep-clear\"><\/div><div class=\"fusion-separator fusion-full-width-sep\" style=\"margin-left: auto;margin-right: auto;margin-top:20px;margin-bottom:0px;width:100%;\"><\/div><div class=\"fusion-sep-clear\"><\/div><div class=\"fusion-sep-clear\"><\/div><div class=\"fusion-separator fusion-no-large-visibility fusion-full-width-sep\" style=\"margin-left: auto;margin-right: auto;margin-bottom:4%;width:100%;\"><\/div><div class=\"fusion-sep-clear\"><\/div><div class=\"fusion-sep-clear\"><\/div><div class=\"fusion-separator fusion-no-large-visibility fusion-full-width-sep\" style=\"margin-left: auto;margin-right: auto;margin-bottom:8%;width:100%;\"><\/div><div class=\"fusion-sep-clear\"><\/div><div class=\"fusion-clearfix\"><\/div><\/div><\/div><\/div><\/div><div class=\"fusion-fullwidth fullwidth-box fusion-builder-row-2 nonhundred-percent-fullwidth non-hundred-percent-height-scrolling\" style=\"background-color: rgba(255,255,255,0);background-position: center center;background-repeat: no-repeat;padding-top:0%;padding-right:0px;padding-bottom:0%;padding-left:0px;margin-bottom: 0px;margin-top: 58px;border-width: 0px 0px 0px 0px;border-color:#eae9e9;border-style:solid;\" ><div class=\"fusion-builder-row fusion-row\"><div class=\"fusion-layout-column fusion_builder_column fusion-builder-column-1 fusion_builder_column_1_2 1_2 fusion-one-half fusion-column-first fusion-animated\" style=\"width:50%;width:calc(50% - ( ( 10% ) * 0.5 ) );margin-right: 10%;margin-top:0px;margin-bottom:0px;\" data-animationType=\"fadeInDown\" data-animationDuration=\"0.8\" data-animationOffset=\"top-into-view\"><div class=\"fusion-column-wrapper fusion-flex-column-wrapper-legacy\" style=\"background-position:left top;background-repeat:no-repeat;-webkit-background-size:cover;-moz-background-size:cover;-o-background-size:cover;background-size:cover;padding: 0px 0% 0% 0%;\"><span class=\" fusion-imageframe imageframe-none imageframe-1 hover-type-none\"><img decoding=\"async\" width=\"190\" height=\"72\" alt=\"Cuso exadep\" title=\"curso_posgrado_exadep_preuniversitario\" src=\"data:image\/svg+xml,%3Csvg%20xmlns%3D%27http%3A%2F%2Fwww.w3.org%2F2000%2Fsvg%27%20width%3D%27190%27%20height%3D%2772%27%20viewBox%3D%270%200%20190%2072%27%3E%3Crect%20width%3D%27190%27%20height%3D%2772%27%20fill-opacity%3D%220%22%2F%3E%3C%2Fsvg%3E\" data-orig-src=\"https:\/\/preuniversitarionewton.com\/new\/wp-content\/uploads\/2020\/04\/curso_posgrado_exadep_preuniversitario.jpg\" class=\"lazyload img-responsive wp-image-3067\"\/><\/span><div class=\"fusion-sep-clear\"><\/div><div class=\"fusion-separator fusion-full-width-sep\" style=\"margin-left: auto;margin-right: auto;margin-bottom:15px;width:100%;\"><\/div><div class=\"fusion-sep-clear\"><\/div><div class=\"fusion-clearfix\"><\/div><\/div><\/div><div class=\"fusion-layout-column fusion_builder_column fusion-builder-column-2 fusion_builder_column_1_2 1_2 fusion-one-half fusion-column-last fusion-animated\" style=\"width:50%;width:calc(50% - ( ( 10% ) * 0.5 ) );margin-top:0px;margin-bottom:0px;\" data-animationType=\"fadeInDown\" data-animationDuration=\"0.8\" data-animationOffset=\"top-into-view\"><div class=\"fusion-column-wrapper fusion-flex-column-wrapper-legacy\" style=\"background-position:left top;background-repeat:no-repeat;-webkit-background-size:cover;-moz-background-size:cover;-o-background-size:cover;background-size:cover;padding: 0px 0% 7% 0%;\"><div class=\"fusion-sep-clear\"><\/div><div class=\"fusion-separator fusion-full-width-sep\" style=\"margin-left: auto;margin-right: auto;margin-bottom:2%;width:100%;\"><\/div><div class=\"fusion-sep-clear\"><\/div><div class=\"fusion-sep-clear\"><\/div><div class=\"fusion-separator fusion-full-width-sep\" style=\"margin-left: auto;margin-right: auto;margin-bottom:15px;width:100%;\"><\/div><div class=\"fusion-sep-clear\"><\/div><div class=\"fusion-button-wrapper\"><style type=\"text\/css\">.fusion-button.button-1 .fusion-button-text, .fusion-button.button-1 i {color:#004293;}.fusion-button.button-1 .fusion-button-icon-divider{border-color:#004293;}.fusion-button.button-1:hover .fusion-button-text, .fusion-button.button-1:hover i,.fusion-button.button-1:focus .fusion-button-text, .fusion-button.button-1:focus i,.fusion-button.button-1:active .fusion-button-text, .fusion-button.button-1:active{color:#ffffff;}.fusion-button.button-1:hover .fusion-button-icon-divider, .fusion-button.button-1:hover .fusion-button-icon-divider, .fusion-button.button-1:active .fusion-button-icon-divider{border-color:#ffffff;}.fusion-button.button-1:hover, .fusion-button.button-1:focus, .fusion-button.button-1:active{border-color:rgba(255,255,255,0);}.fusion-button.button-1 {border-color:rgba(255,255,255,0);border-radius:40px;}.fusion-button.button-1{background: #f6c800;}.fusion-button.button-1:hover,.button-1:focus,.fusion-button.button-1:active{background: #ff000c;}<\/style><a class=\"fusion-button button-flat button-xlarge button-custom button-1 fusion-button-default-span fusion-button-default-type\" target=\"_blank\" rel=\"noopener noreferrer\" href=\"https:\/\/api.whatsapp.com\/send?phone=995500003&amp;text=Hola%20deseo%20m%C3%A1s%20informaci%C3%B3n%20sobre%20el%20curso%20de%20preparaci%C3%B3n%20para%20el%20EXADEP.\"><span class=\"fusion-button-text\">Resuelve todas tus dudas<\/span><i class=\"fa-arrow-right fas button-icon-right\" aria-hidden=\"true\"><\/i><\/a><\/div><div class=\"fusion-clearfix\"><\/div><\/div><\/div><div class=\"fusion-layout-column fusion_builder_column fusion-builder-column-3 fusion_builder_column_1_1 1_1 fusion-one-full fusion-column-first fusion-column-last fusion-no-small-visibility fusion-animated\" style=\"margin-top:0px;margin-bottom:0px;\" data-animationType=\"fadeInDown\" data-animationDuration=\"0.8\" data-animationOffset=\"top-into-view\"><div class=\"fusion-column-wrapper fusion-flex-column-wrapper-legacy\" style=\"background-position:left top;background-repeat:no-repeat;-webkit-background-size:cover;-moz-background-size:cover;-o-background-size:cover;background-size:cover;padding: 0px 0% 0% 0%;\"><div class=\"fusion-text fusion-text-1 fusion-text-split-columns fusion-text-columns-2\" style=\" -webkit-column-count:2; -webkit-column-gap:2em; -webkit-column-width:100px; -moz-column-count:2; -moz-column-gap:2em; -moz-column-width:100px; column-count:2; column-gap:2em; column-width:100px;\"><p>El examen EXADEP (Examen de Admisi\u00f3n a Estudios de Posgrado) mide destrezas verbales, matem\u00e1ticas y de razonamiento anal\u00edtico, que son importantes para tener \u00e9xito en los estudios de posgrado. Hay cuatro secciones del examen en espa\u00f1ol y una secci\u00f3n en ingl\u00e9s como idioma extranjero.<\/p>\n<p><strong>Curso de Preparaci\u00f3n para el EXADEP<\/strong><\/p>\n<p>El candidato a rendir el EXADEP\u2122 rinde una prueba modelo en el Preuniversitario Newton a fin de determinar su nivel de conocimientos y a continuaci\u00f3n se le presenta una propuesta de curso.<\/p>\n<ul>\n<li>Horarios: A elegir de lunes a domingo<\/li>\n<li>Duraci\u00f3n: 40 horas aproximadamente<\/li>\n<li>Material de trabajo: Folleto de trabajo<\/li>\n<\/ul>\n<p><strong>\u00a0<\/strong><strong>Contenido: El EXADEP consta de cinco secciones:<\/strong><\/p>\n<p><strong>Aptitud Verbal<\/strong><\/p>\n<ul>\n<li>Parte A: Ant\u00f3nimos, Analog\u00edas, Completar oraciones<\/li>\n<li>Parte B: Comprensi\u00f3n de lectura<\/li>\n<\/ul>\n<p><strong>Razonamiento Matem\u00e1ticas<\/strong><\/p>\n<ul>\n<li>Matem\u00e1ticas, \u00c1lgebra, Geometr\u00eda<\/li>\n<\/ul>\n<p><strong>Razonamiento Anal\u00edtico<\/strong><\/p>\n<p><strong>Expresi\u00f3n Escrita<\/strong><\/p>\n<ul>\n<li>Parte A: Uso de lenguaje<\/li>\n<li>Parte B: Correcci\u00f3n de oraciones<\/li>\n<\/ul>\n<p><strong>Ingl\u00e9s<\/strong><\/p>\n<ul>\n<li>Parte A: Completar oraciones, Ant\u00f3nimos<\/li>\n<li>Parte B: Comprensi\u00f3n de lectura<\/li>\n<\/ul>\n<\/div><div class=\"fusion-sep-clear\"><\/div><div class=\"fusion-separator fusion-full-width-sep\" style=\"margin-left: auto;margin-right: auto;margin-bottom:2%;width:100%;\"><\/div><div class=\"fusion-sep-clear\"><\/div><div class=\"fusion-sep-clear\"><\/div><div class=\"fusion-separator fusion-full-width-sep\" style=\"margin-left: auto;margin-right: auto;margin-bottom:15px;width:100%;\"><\/div><div class=\"fusion-sep-clear\"><\/div><div class=\"fusion-clearfix\"><\/div><\/div><\/div><div class=\"fusion-layout-column fusion_builder_column fusion-builder-column-4 fusion_builder_column_1_1 1_1 fusion-one-full fusion-column-first fusion-column-last fusion-no-medium-visibility fusion-no-large-visibility fusion-animated\" style=\"margin-top:0px;margin-bottom:0px;\" data-animationType=\"fadeInDown\" data-animationDuration=\"0.8\" data-animationOffset=\"top-into-view\"><div class=\"fusion-column-wrapper fusion-flex-column-wrapper-legacy\" style=\"background-position:left top;background-repeat:no-repeat;-webkit-background-size:cover;-moz-background-size:cover;-o-background-size:cover;background-size:cover;padding: 0px 0% 0% 0%;\"><div class=\"fusion-text fusion-text-2\"><p>El examen EXADEP (Examen de Admisi\u00f3n a Estudios de Posgrado) mide destrezas verbales, matem\u00e1ticas y de razonamiento anal\u00edtico, que son importantes para tener \u00e9xito en los estudios de posgrado. Hay cuatro secciones del examen en espa\u00f1ol y una secci\u00f3n en ingl\u00e9s como idioma extranjero.<\/p>\n<p><strong>Curso de Preparaci\u00f3n para el EXADEP<\/strong><\/p>\n<p>El candidato a rendir el EXADEP\u2122 rinde una prueba modelo en el Preuniversitario Newton a fin de determinar su nivel de conocimientos y a continuaci\u00f3n se le presenta una propuesta de curso.<\/p>\n<ul>\n<li>Horarios: A elegir de lunes a domingo<\/li>\n<li>Duraci\u00f3n: 40 horas aproximadamente<\/li>\n<li>Material de trabajo: Folleto de trabajo<\/li>\n<\/ul>\n<p><strong>\u00a0<\/strong><strong>Contenido: El EXADEP consta de cinco secciones:<\/strong><\/p>\n<p><strong>Aptitud Verbal<\/strong><\/p>\n<ul>\n<li>Parte A: Ant\u00f3nimos, Analog\u00edas, Completar oraciones<\/li>\n<li>Parte B: Comprensi\u00f3n de lectura<\/li>\n<\/ul>\n<p><strong>Razonamiento Matem\u00e1ticas<\/strong><\/p>\n<ul>\n<li>Matem\u00e1ticas, \u00c1lgebra, Geometr\u00eda<\/li>\n<\/ul>\n<p><strong>Razonamiento Anal\u00edtico<\/strong><\/p>\n<p><strong>Expresi\u00f3n Escrita<\/strong><\/p>\n<ul>\n<li>Parte A: Uso de lenguaje<\/li>\n<li>Parte B: Correcci\u00f3n de oraciones<\/li>\n<\/ul>\n<p><strong>Ingl\u00e9s<\/strong><\/p>\n<ul>\n<li>Parte A: Completar oraciones, Ant\u00f3nimos<\/li>\n<li>Parte B: Comprensi\u00f3n de lectura<\/li>\n<\/ul>\n<\/div><div class=\"fusion-sep-clear\"><\/div><div class=\"fusion-separator fusion-full-width-sep\" style=\"margin-left: auto;margin-right: auto;margin-bottom:2%;width:100%;\"><\/div><div class=\"fusion-sep-clear\"><\/div><div class=\"fusion-sep-clear\"><\/div><div class=\"fusion-separator fusion-full-width-sep\" style=\"margin-left: auto;margin-right: auto;margin-bottom:15px;width:100%;\"><\/div><div class=\"fusion-sep-clear\"><\/div><div class=\"fusion-clearfix\"><\/div><\/div><\/div><div class=\"fusion-layout-column fusion_builder_column fusion-builder-column-5 fusion_builder_column_1_6 1_6 fusion-one-sixth fusion-column-first fusion-animated\" style=\"width:16.666666666667%;width:calc(16.666666666667% - ( ( 10% ) * 0.16666666666667 ) );margin-right: 10%;margin-top:0px;margin-bottom:0px;\" data-animationType=\"fadeInDown\" data-animationDuration=\"0.8\" data-animationOffset=\"top-into-view\"><div class=\"fusion-column-wrapper fusion-flex-column-wrapper-legacy\" style=\"background-position:left top;background-repeat:no-repeat;-webkit-background-size:cover;-moz-background-size:cover;-o-background-size:cover;background-size:cover;padding: 0px 0% 7% 0%;\"><div class=\"fusion-sep-clear\"><\/div><div class=\"fusion-separator fusion-full-width-sep\" style=\"margin-left: auto;margin-right: auto;margin-bottom:2%;width:100%;\"><\/div><div class=\"fusion-sep-clear\"><\/div><div class=\"fusion-sep-clear\"><\/div><div class=\"fusion-separator fusion-full-width-sep\" style=\"margin-left: auto;margin-right: auto;margin-bottom:15px;width:100%;\"><\/div><div class=\"fusion-sep-clear\"><\/div><div class=\"fusion-clearfix\"><\/div><\/div><\/div><\/div><\/div><\/p>\n","protected":false},"excerpt":{"rendered":"","protected":false},"author":1,"featured_media":0,"parent":10,"menu_order":0,"comment_status":"closed","ping_status":"closed","template":"100-width.php","meta":{"footnotes":""},"class_list":["post-3077","page","type-page","status-publish","hentry"],"_links":{"self":[{"href":"https:\/\/preuniversitarionewton.com\/new\/wp-json\/wp\/v2\/pages\/3077","targetHints":{"allow":["GET"]}}],"collection":[{"href":"https:\/\/preuniversitarionewton.com\/new\/wp-json\/wp\/v2\/pages"}],"about":[{"href":"https:\/\/preuniversitarionewton.com\/new\/wp-json\/wp\/v2\/types\/page"}],"author":[{"embeddable":true,"href":"https:\/\/preuniversitarionewton.com\/new\/wp-json\/wp\/v2\/users\/1"}],"replies":[{"embeddable":true,"href":"https:\/\/preuniversitarionewton.com\/new\/wp-json\/wp\/v2\/comments?post=3077"}],"version-history":[{"count":7,"href":"https:\/\/preuniversitarionewton.com\/new\/wp-json\/wp\/v2\/pages\/3077\/revisions"}],"predecessor-version":[{"id":3903,"href":"https:\/\/preuniversitarionewton.com\/new\/wp-json\/wp\/v2\/pages\/3077\/revisions\/3903"}],"up":[{"embeddable":true,"href":"https:\/\/preuniversitarionewton.com\/new\/wp-json\/wp\/v2\/pages\/10"}],"wp:attachment":[{"href":"https:\/\/preuniversitarionewton.com\/new\/wp-json\/wp\/v2\/media?parent=3077"}],"curies":[{"name":"wp","href":"https:\/\/api.w.org\/{rel}","templated":true}]}}